{"id":300,"date":"2026-04-02T09:25:03","date_gmt":"2026-04-02T12:25:03","guid":{"rendered":"https:\/\/www.hand2hand.cl\/acor2026\/?page_id=300"},"modified":"2026-04-28T15:29:50","modified_gmt":"2026-04-28T18:29:50","slug":"nosotros-corretaje-de-seguros","status":"publish","type":"page","link":"https:\/\/acorseguros.cl\/index.php\/nosotros-corretaje-de-seguros\/","title":{"rendered":"Nosotros"},"content":{"rendered":"\t\t<div data-elementor-type=\"wp-page\" data-elementor-id=\"300\" class=\"elementor elementor-300\">\n\t\t\t\t<div class=\"aux-parallax-section elementor-element elementor-element-2455247 e-flex e-con-boxed e-con e-parent\" data-id=\"2455247\" data-element_type=\"container\" data-e-type=\"container\" data-settings=\"{&quot;background_background&quot;:&quot;classic&quot;}\">\n\t\t\t\t\t<div class=\"e-con-inner\">\n\t\t<div class=\"elementor-element elementor-element-eb4f799 e-con-full e-flex e-con e-child\" data-id=\"eb4f799\" data-element_type=\"container\" data-e-type=\"container\">\n\t\t\t\t<div class=\"elementor-element elementor-element-c4024ff elementor-widget elementor-widget-aux_modern_heading\" data-id=\"c4024ff\" data-element_type=\"widget\" data-e-type=\"widget\" data-widget_type=\"aux_modern_heading.default\">\n\t\t\t\t<div class=\"elementor-widget-container\">\n\t\t\t\t\t<section class=\"aux-widget-modern-heading\">\n            <div class=\"aux-widget-inner\"><div class=\"aux-modern-heading-divider\"><\/div><h2 class=\"aux-modern-heading-primary\">Nosotros<\/h2><\/div>\n        <\/section>\t\t\t\t<\/div>\n\t\t\t\t<\/div>\n\t\t\t\t<\/div>\n\t\t\t\t\t<\/div>\n\t\t\t\t<\/div>\n\t\t<div class=\"aux-parallax-section elementor-element elementor-element-29d2503 e-flex e-con-boxed e-con e-parent\" data-id=\"29d2503\" data-element_type=\"container\" data-e-type=\"container\">\n\t\t\t\t\t<div class=\"e-con-inner\">\n\t\t<div class=\"elementor-element elementor-element-08a173b e-con-full e-flex e-con e-child\" data-id=\"08a173b\" data-element_type=\"container\" data-e-type=\"container\">\n\t\t\t\t<div class=\"elementor-element elementor-element-fe50823 elementor-widget elementor-widget-aux_image\" data-id=\"fe50823\" data-element_type=\"widget\" data-e-type=\"widget\" data-widget_type=\"aux_image.default\">\n\t\t\t\t<div class=\"elementor-widget-container\">\n\t\t\t\t\t<section class=\"widget-container aux-widget-image aux-alignnone aux-parent-au1cdafd74\">\n    <div class=\"aux-media-hint-frame \">\n        <div class=\"aux-media-image \" >\n        \n            \n\n            \n            <img fetchpriority=\"high\" decoding=\"async\" width=\"915\" height=\"870\" src=\"data:image\/gif;base64,R0lGODlhAQABAIAAAAAAAP\/\/\/yH5BAEAAAAALAAAAAABAAEAAAIBRAA7\" class=\"aux-attachment aux-featured-image aux-attachment-id-392 aux-preload aux-blank\" alt=\"corretaje de seguros-acor-chile\" data-ratio=\"1.05\" data-original-w=\"1024\" sizes=\"auto\" data-srcset=\"https:\/\/acorseguros.cl\/wp-content\/uploads\/2026\/04\/acor-nosotros-01-150x143.png 150w,https:\/\/acorseguros.cl\/wp-content\/uploads\/2026\/04\/acor-nosotros-01-300x285.png 300w,https:\/\/acorseguros.cl\/wp-content\/uploads\/2026\/04\/acor-nosotros-01-768x730.png 768w,https:\/\/acorseguros.cl\/wp-content\/uploads\/2026\/04\/acor-nosotros-01-915x870.png 915w\" data-src=\"https:\/\/acorseguros.cl\/wp-content\/uploads\/2026\/04\/acor-nosotros-01-915x870.png\" \/>            \n                <\/div>\n    <\/div>\n\n<\/section><!-- widget-container -->\t\t\t\t<\/div>\n\t\t\t\t<\/div>\n\t\t\t\t<\/div>\n\t\t<div class=\"elementor-element elementor-element-5052873 e-con-full e-flex e-con e-child\" data-id=\"5052873\" data-element_type=\"container\" data-e-type=\"container\">\n\t\t<div class=\"elementor-element elementor-element-43eb55d e-con-full e-flex e-con e-child\" data-id=\"43eb55d\" data-element_type=\"container\" data-e-type=\"container\" data-settings=\"{&quot;background_background&quot;:&quot;classic&quot;,&quot;animation&quot;:&quot;none&quot;}\">\n\t\t<div class=\"elementor-element elementor-element-58a6e24 e-con-full e-flex e-con e-child\" data-id=\"58a6e24\" data-element_type=\"container\" data-e-type=\"container\">\n\t\t\t\t<div class=\"elementor-element elementor-element-1495323 elementor-widget elementor-widget-aux_modern_heading\" data-id=\"1495323\" data-element_type=\"widget\" data-e-type=\"widget\" data-widget_type=\"aux_modern_heading.default\">\n\t\t\t\t<div class=\"elementor-widget-container\">\n\t\t\t\t\t<section class=\"aux-widget-modern-heading\">\n            <div class=\"aux-widget-inner\"><div class=\"aux-modern-heading-divider\"><\/div><h2 class=\"aux-modern-heading-primary\">Asesor\u00edas<\/h2><h3 class=\"aux-modern-heading-secondary\"><span class=\"aux-head-before\">y Corretaje de Seguros Ltda.<\/span><\/h3><\/div>\n        <\/section>\t\t\t\t<\/div>\n\t\t\t\t<\/div>\n\t\t\t\t<div class=\"elementor-element elementor-element-6279105 elementor-widget elementor-widget-aux_modern_heading\" data-id=\"6279105\" data-element_type=\"widget\" data-e-type=\"widget\" data-widget_type=\"aux_modern_heading.default\">\n\t\t\t\t<div class=\"elementor-widget-container\">\n\t\t\t\t\t<section class=\"aux-widget-modern-heading\">\n            <div class=\"aux-widget-inner\"><h2 class=\"aux-modern-heading-primary\"><\/h2><div class=\"aux-modern-heading-description\"><p>Empresa con m\u00e1s de 20 a\u00f1os de experiencia en el mercado, especialistas en productos destinados a empresas e individuales cuyo principal objetivo es la mantenci\u00f3n de relaciones de largo plazo con sus clientes, sustentada en una atenci\u00f3n cercana, clara y oportuna. Acompa\u00f1ando desde la prospecci\u00f3n hasta la operaci\u00f3n y liquidaci\u00f3n de siniestros.<\/p><\/div><\/div>\n        <\/section>\t\t\t\t<\/div>\n\t\t\t\t<\/div>\n\t\t\t\t<\/div>\n\t\t\t\t<\/div>\n\t\t\t\t<\/div>\n\t\t\t\t\t<\/div>\n\t\t\t\t<\/div>\n\t\t\t\t<\/div>\n\t\t","protected":false},"excerpt":{"rendered":"<p>Nosotros Asesor\u00edas y Corretaje de Seguros Ltda. Empresa con m\u00e1s de 20 a\u00f1os de experiencia en el mercado, especialistas en productos destinados a empresas e individuales cuyo principal objetivo es la mantenci\u00f3n de relaciones de largo plazo con sus clientes, sustentada en una atenci\u00f3n cercana, clara y oportuna. Acompa\u00f1ando desde la prospecci\u00f3n hasta la operaci\u00f3n [&hellip;]<\/p>\n","protected":false},"author":1,"featured_media":0,"parent":0,"menu_order":0,"comment_status":"closed","ping_status":"closed","template":"","meta":{"footnotes":""},"class_list":["post-300","page","type-page","status-publish","hentry"],"yoast_head":"<!-- This site is optimized with the Yoast SEO plugin v27.4 - https:\/\/yoast.com\/product\/yoast-seo-wordpress\/ -->\n<title>Corretaje de Seguros en Chile | ACOR<\/title>\n<meta name=\"description\" content=\"Descubre los beneficios del corretaje de seguros y c\u00f3mo puede mejorar la atenci\u00f3n a tus necesidades empresariales y personales.\" \/>\n<meta name=\"robots\" content=\"index, follow, max-snippet:-1, max-image-preview:large, max-video-preview:-1\" \/>\n<link rel=\"canonical\" href=\"https:\/\/acorseguros.cl\/index.php\/nosotros-corretaje-de-seguros\/\" \/>\n<meta property=\"og:locale\" content=\"es_ES\" \/>\n<meta property=\"og:type\" content=\"article\" \/>\n<meta property=\"og:title\" content=\"Corretaje de Seguros en Chile | ACOR\" \/>\n<meta property=\"og:description\" content=\"Descubre los beneficios del corretaje de seguros y c\u00f3mo puede mejorar la atenci\u00f3n a tus necesidades empresariales y personales.\" \/>\n<meta property=\"og:url\" content=\"https:\/\/acorseguros.cl\/index.php\/nosotros-corretaje-de-seguros\/\" \/>\n<meta property=\"og:site_name\" content=\"Acor Seguros\" \/>\n<meta property=\"article:modified_time\" content=\"2026-04-28T18:29:50+00:00\" \/>\n<meta name=\"twitter:card\" content=\"summary_large_image\" \/>\n<meta name=\"twitter:label1\" content=\"Tiempo estimado de lectura\" \/>\n\t<meta name=\"twitter:data1\" content=\"1 minuto\" \/>\n<script type=\"application\/ld+json\" class=\"yoast-schema-graph\">{\"@context\":\"https:\\\/\\\/schema.org\",\"@graph\":[{\"@type\":\"WebPage\",\"@id\":\"https:\\\/\\\/acorseguros.cl\\\/index.php\\\/nosotros-corretaje-de-seguros\\\/\",\"url\":\"https:\\\/\\\/acorseguros.cl\\\/index.php\\\/nosotros-corretaje-de-seguros\\\/\",\"name\":\"Corretaje de Seguros en Chile | ACOR\",\"isPartOf\":{\"@id\":\"https:\\\/\\\/acorseguros.cl\\\/#website\"},\"datePublished\":\"2026-04-02T12:25:03+00:00\",\"dateModified\":\"2026-04-28T18:29:50+00:00\",\"description\":\"Descubre los beneficios del corretaje de seguros y c\u00f3mo puede mejorar la atenci\u00f3n a tus necesidades empresariales y personales.\",\"breadcrumb\":{\"@id\":\"https:\\\/\\\/acorseguros.cl\\\/index.php\\\/nosotros-corretaje-de-seguros\\\/#breadcrumb\"},\"inLanguage\":\"es-CL\",\"potentialAction\":[{\"@type\":\"ReadAction\",\"target\":[\"https:\\\/\\\/acorseguros.cl\\\/index.php\\\/nosotros-corretaje-de-seguros\\\/\"]}]},{\"@type\":\"BreadcrumbList\",\"@id\":\"https:\\\/\\\/acorseguros.cl\\\/index.php\\\/nosotros-corretaje-de-seguros\\\/#breadcrumb\",\"itemListElement\":[{\"@type\":\"ListItem\",\"position\":1,\"name\":\"Portada\",\"item\":\"https:\\\/\\\/acorseguros.cl\\\/\"},{\"@type\":\"ListItem\",\"position\":2,\"name\":\"Nosotros\"}]},{\"@type\":\"WebSite\",\"@id\":\"https:\\\/\\\/acorseguros.cl\\\/#website\",\"url\":\"https:\\\/\\\/acorseguros.cl\\\/\",\"name\":\"Acor Seguros\",\"description\":\"corredores de seguros\",\"publisher\":{\"@id\":\"https:\\\/\\\/acorseguros.cl\\\/#organization\"},\"potentialAction\":[{\"@type\":\"SearchAction\",\"target\":{\"@type\":\"EntryPoint\",\"urlTemplate\":\"https:\\\/\\\/acorseguros.cl\\\/?s={search_term_string}\"},\"query-input\":{\"@type\":\"PropertyValueSpecification\",\"valueRequired\":true,\"valueName\":\"search_term_string\"}}],\"inLanguage\":\"es-CL\"},{\"@type\":\"Organization\",\"@id\":\"https:\\\/\\\/acorseguros.cl\\\/#organization\",\"name\":\"Acor Seguros\",\"url\":\"https:\\\/\\\/acorseguros.cl\\\/\",\"logo\":{\"@type\":\"ImageObject\",\"inLanguage\":\"es-CL\",\"@id\":\"https:\\\/\\\/acorseguros.cl\\\/#\\\/schema\\\/logo\\\/image\\\/\",\"url\":\"https:\\\/\\\/acorseguros.cl\\\/wp-content\\\/uploads\\\/2026\\\/03\\\/acor-logo-footer-color-1-01.svg\",\"contentUrl\":\"https:\\\/\\\/acorseguros.cl\\\/wp-content\\\/uploads\\\/2026\\\/03\\\/acor-logo-footer-color-1-01.svg\",\"width\":254,\"height\":35,\"caption\":\"Acor Seguros\"},\"image\":{\"@id\":\"https:\\\/\\\/acorseguros.cl\\\/#\\\/schema\\\/logo\\\/image\\\/\"}}]}<\/script>\n<!-- \/ Yoast SEO plugin. -->","yoast_head_json":{"title":"Corretaje de Seguros en Chile | ACOR","description":"Descubre los beneficios del corretaje de seguros y c\u00f3mo puede mejorar la atenci\u00f3n a tus necesidades empresariales y personales.","robots":{"index":"index","follow":"follow","max-snippet":"max-snippet:-1","max-image-preview":"max-image-preview:large","max-video-preview":"max-video-preview:-1"},"canonical":"https:\/\/acorseguros.cl\/index.php\/nosotros-corretaje-de-seguros\/","og_locale":"es_ES","og_type":"article","og_title":"Corretaje de Seguros en Chile | ACOR","og_description":"Descubre los beneficios del corretaje de seguros y c\u00f3mo puede mejorar la atenci\u00f3n a tus necesidades empresariales y personales.","og_url":"https:\/\/acorseguros.cl\/index.php\/nosotros-corretaje-de-seguros\/","og_site_name":"Acor Seguros","article_modified_time":"2026-04-28T18:29:50+00:00","twitter_card":"summary_large_image","twitter_misc":{"Tiempo estimado de lectura":"1 minuto"},"schema":{"@context":"https:\/\/schema.org","@graph":[{"@type":"WebPage","@id":"https:\/\/acorseguros.cl\/index.php\/nosotros-corretaje-de-seguros\/","url":"https:\/\/acorseguros.cl\/index.php\/nosotros-corretaje-de-seguros\/","name":"Corretaje de Seguros en Chile | ACOR","isPartOf":{"@id":"https:\/\/acorseguros.cl\/#website"},"datePublished":"2026-04-02T12:25:03+00:00","dateModified":"2026-04-28T18:29:50+00:00","description":"Descubre los beneficios del corretaje de seguros y c\u00f3mo puede mejorar la atenci\u00f3n a tus necesidades empresariales y personales.","breadcrumb":{"@id":"https:\/\/acorseguros.cl\/index.php\/nosotros-corretaje-de-seguros\/#breadcrumb"},"inLanguage":"es-CL","potentialAction":[{"@type":"ReadAction","target":["https:\/\/acorseguros.cl\/index.php\/nosotros-corretaje-de-seguros\/"]}]},{"@type":"BreadcrumbList","@id":"https:\/\/acorseguros.cl\/index.php\/nosotros-corretaje-de-seguros\/#breadcrumb","itemListElement":[{"@type":"ListItem","position":1,"name":"Portada","item":"https:\/\/acorseguros.cl\/"},{"@type":"ListItem","position":2,"name":"Nosotros"}]},{"@type":"WebSite","@id":"https:\/\/acorseguros.cl\/#website","url":"https:\/\/acorseguros.cl\/","name":"Acor Seguros","description":"corredores de seguros","publisher":{"@id":"https:\/\/acorseguros.cl\/#organization"},"potentialAction":[{"@type":"SearchAction","target":{"@type":"EntryPoint","urlTemplate":"https:\/\/acorseguros.cl\/?s={search_term_string}"},"query-input":{"@type":"PropertyValueSpecification","valueRequired":true,"valueName":"search_term_string"}}],"inLanguage":"es-CL"},{"@type":"Organization","@id":"https:\/\/acorseguros.cl\/#organization","name":"Acor Seguros","url":"https:\/\/acorseguros.cl\/","logo":{"@type":"ImageObject","inLanguage":"es-CL","@id":"https:\/\/acorseguros.cl\/#\/schema\/logo\/image\/","url":"https:\/\/acorseguros.cl\/wp-content\/uploads\/2026\/03\/acor-logo-footer-color-1-01.svg","contentUrl":"https:\/\/acorseguros.cl\/wp-content\/uploads\/2026\/03\/acor-logo-footer-color-1-01.svg","width":254,"height":35,"caption":"Acor Seguros"},"image":{"@id":"https:\/\/acorseguros.cl\/#\/schema\/logo\/image\/"}}]}},"_links":{"self":[{"href":"https:\/\/acorseguros.cl\/index.php\/wp-json\/wp\/v2\/pages\/300","targetHints":{"allow":["GET"]}}],"collection":[{"href":"https:\/\/acorseguros.cl\/index.php\/wp-json\/wp\/v2\/pages"}],"about":[{"href":"https:\/\/acorseguros.cl\/index.php\/wp-json\/wp\/v2\/types\/page"}],"author":[{"embeddable":true,"href":"https:\/\/acorseguros.cl\/index.php\/wp-json\/wp\/v2\/users\/1"}],"replies":[{"embeddable":true,"href":"https:\/\/acorseguros.cl\/index.php\/wp-json\/wp\/v2\/comments?post=300"}],"version-history":[{"count":66,"href":"https:\/\/acorseguros.cl\/index.php\/wp-json\/wp\/v2\/pages\/300\/revisions"}],"predecessor-version":[{"id":1431,"href":"https:\/\/acorseguros.cl\/index.php\/wp-json\/wp\/v2\/pages\/300\/revisions\/1431"}],"wp:attachment":[{"href":"https:\/\/acorseguros.cl\/index.php\/wp-json\/wp\/v2\/media?parent=300"}],"curies":[{"name":"wp","href":"https:\/\/api.w.org\/{rel}","templated":true}]}}