{"id":758,"date":"2026-04-18T10:51:09","date_gmt":"2026-04-18T13:51:09","guid":{"rendered":"https:\/\/www.hand2hand.cl\/acor2026\/?page_id=758"},"modified":"2026-05-04T13:28:20","modified_gmt":"2026-05-04T16:28:20","slug":"seguro-hogar","status":"publish","type":"page","link":"https:\/\/acorseguros.cl\/index.php\/seguro-hogar\/","title":{"rendered":"Seguro Hogar"},"content":{"rendered":"\t\t<div data-elementor-type=\"wp-page\" data-elementor-id=\"758\" class=\"elementor elementor-758\">\n\t\t\t\t<div class=\"aux-parallax-section elementor-element elementor-element-a5172fd e-flex e-con-boxed e-con e-parent\" data-id=\"a5172fd\" data-element_type=\"container\" data-e-type=\"container\" data-settings=\"{&quot;background_background&quot;:&quot;classic&quot;}\">\n\t\t\t\t\t<div class=\"e-con-inner\">\n\t\t<div class=\"elementor-element elementor-element-9f01e5c e-con-full e-flex e-con e-child\" data-id=\"9f01e5c\" data-element_type=\"container\" data-e-type=\"container\">\n\t\t\t\t<div class=\"elementor-element elementor-element-e254d82 elementor-widget elementor-widget-aux_modern_heading\" data-id=\"e254d82\" data-element_type=\"widget\" data-e-type=\"widget\" data-widget_type=\"aux_modern_heading.default\">\n\t\t\t\t<div class=\"elementor-widget-container\">\n\t\t\t\t\t<section class=\"aux-widget-modern-heading\">\n            <div class=\"aux-widget-inner\"><div class=\"aux-modern-heading-divider\"><\/div><h2 class=\"aux-modern-heading-primary\">Hogar\n<\/h2><\/div>\n        <\/section>\t\t\t\t<\/div>\n\t\t\t\t<\/div>\n\t\t\t\t<\/div>\n\t\t\t\t\t<\/div>\n\t\t\t\t<\/div>\n\t\t<div class=\"aux-parallax-section elementor-element elementor-element-e81afb8 e-flex e-con-boxed e-con e-parent\" data-id=\"e81afb8\" data-element_type=\"container\" data-e-type=\"container\">\n\t\t\t\t\t<div class=\"e-con-inner\">\n\t\t<div class=\"elementor-element elementor-element-3968e68 e-con-full e-flex e-con e-child\" data-id=\"3968e68\" data-element_type=\"container\" data-e-type=\"container\">\n\t\t\t\t<div class=\"elementor-element elementor-element-d984a8c elementor-widget elementor-widget-aux_modern_heading\" data-id=\"d984a8c\" data-element_type=\"widget\" data-e-type=\"widget\" data-widget_type=\"aux_modern_heading.default\">\n\t\t\t\t<div class=\"elementor-widget-container\">\n\t\t\t\t\t<section class=\"aux-widget-modern-heading\">\n            <div class=\"aux-widget-inner\"><h2 class=\"aux-modern-heading-primary\"><\/h2><h3 class=\"aux-modern-heading-secondary\"><span class=\"aux-head-before\">\u00bfQu\u00e9 es el Seguro Hogar?<\/span><span class=\"aux-head-after\"> <\/span><\/h3><div class=\"aux-modern-heading-divider\"><\/div><div class=\"aux-modern-heading-description\"><p><span style=\"font-weight: 400\">Resguarda tus bienes muebles y\/o inmuebles de la vivienda (casas y departamentos), sin importar si eres propietario o arrendatario.<\/span><\/p><p><span style=\"font-weight: 400\">\u00bfQU\u00c9 CUBRE EL SEGURO HOGAR?<\/span><\/p><ul><li style=\"font-weight: 400\"><span style=\"font-weight: 400\">Incendio y sus adicionales.<\/span><\/li><li><span style=\"font-weight: 400\">Riesgos de la naturaleza (erupci\u00f3n volc\u00e1nica, tsunami, aluviones).<\/span><\/li><li><span style=\"font-weight: 400\">Rotura de ca\u00f1er\u00edas.\u00a0<\/span><\/li><li><span style=\"font-weight: 400\">Riesgos pol\u00edticos.\u00a0<\/span><\/li><li><span style=\"font-weight: 400\">Adicionalmente, contempla la cobertura de Asistencia Domiciliaria.<\/span><\/li><li style=\"list-style-type: none\">\u00a0<\/li><\/ul><\/div><\/div>\n        <\/section>\t\t\t\t<\/div>\n\t\t\t\t<\/div>\n\t\t\t\t<div class=\"elementor-element elementor-element-4cc1547 elementor-widget elementor-widget-aux_modern_heading\" data-id=\"4cc1547\" data-element_type=\"widget\" data-e-type=\"widget\" data-widget_type=\"aux_modern_heading.default\">\n\t\t\t\t<div class=\"elementor-widget-container\">\n\t\t\t\t\t<section class=\"aux-widget-modern-heading\">\n            <div class=\"aux-widget-inner\"><h2 class=\"aux-modern-heading-primary\"><\/h2><h3 class=\"aux-modern-heading-secondary\"><span class=\"aux-head-before\">\u00bfSe pueden ampliar las coberturas?<\/span><span class=\"aux-head-after\"> <\/span><\/h3><div class=\"aux-modern-heading-divider\"><\/div><div class=\"aux-modern-heading-description\"><p><span style=\"font-weight: 400\">Es posible ampliar los riesgos del producto para que tu cobertura sea m\u00e1s completa, incorporando opciones como:<\/span><\/p><ul><li style=\"font-weight: 400\"><span style=\"font-weight: 400\">Robo.\u00a0<\/span><\/li><li style=\"font-weight: 400\"><span style=\"font-weight: 400\">Cristales.\u00a0<\/span><\/li><li style=\"font-weight: 400\"><span style=\"font-weight: 400\">Accidentes personales.\u00a0<\/span><\/li><li style=\"font-weight: 400\"><span style=\"font-weight: 400\">Responsabilidad Civil. <\/span><\/li><\/ul><\/div><\/div>\n        <\/section>\t\t\t\t<\/div>\n\t\t\t\t<\/div>\n\t\t\t\t<\/div>\n\t\t<div class=\"elementor-element elementor-element-d937c97 aux-appear-watch-animation aux-scale-down e-con-full e-flex e-con e-child\" data-id=\"d937c97\" data-element_type=\"container\" data-e-type=\"container\">\n\t\t<div class=\"elementor-element elementor-element-307649a e-con-full e-flex e-con e-child\" data-id=\"307649a\" data-element_type=\"container\" data-e-type=\"container\">\n\t\t\t\t<div class=\"elementor-element elementor-element-6276fa2 elementor-widget elementor-widget-aux_image\" data-id=\"6276fa2\" data-element_type=\"widget\" data-e-type=\"widget\" data-widget_type=\"aux_image.default\">\n\t\t\t\t<div class=\"elementor-widget-container\">\n\t\t\t\t\t<section class=\"widget-container aux-widget-image aux-alignnone aux-parent-auae68d7a0\">\n    <div class=\"aux-media-hint-frame \">\n        <div class=\"aux-media-image \" >\n        \n            \n\n            \n            <img fetchpriority=\"high\" decoding=\"async\" width=\"1024\" height=\"749\" src=\"https:\/\/acorseguros.cl\/wp-content\/uploads\/2026\/04\/productos-acor-02-hogar.jpg\" class=\"aux-attachment aux-featured-image aux-attachment-id-401\" alt=\"Seguro de hogar en Chile para proteger casa o departamento\" srcset=\"https:\/\/acorseguros.cl\/wp-content\/uploads\/2026\/04\/productos-acor-02-hogar-150x150.jpg 150w,https:\/\/acorseguros.cl\/wp-content\/uploads\/2026\/04\/productos-acor-02-hogar-300x300.jpg 300w,https:\/\/acorseguros.cl\/wp-content\/uploads\/2026\/04\/productos-acor-02-hogar-768x749.jpg 768w,https:\/\/acorseguros.cl\/wp-content\/uploads\/2026\/04\/productos-acor-02-hogar.jpg 1024w\" data-ratio=\"1\" data-original-w=\"1024\" sizes=\"(max-width:479px) 480px,(max-width:767px) 768px,(max-width:1023px) 1024px,1024px\" \/>            \n                <\/div>\n    <\/div>\n\n<\/section><!-- widget-container -->\t\t\t\t<\/div>\n\t\t\t\t<\/div>\n\t\t\t\t<\/div>\n\t\t\t\t<\/div>\n\t\t\t\t\t<\/div>\n\t\t\t\t<\/div>\n\t\t<div class=\"aux-parallax-section elementor-element elementor-element-65a52a4 e-flex e-con-boxed e-con e-parent\" data-id=\"65a52a4\" data-element_type=\"container\" data-e-type=\"container\">\n\t\t\t\t\t<div class=\"e-con-inner\">\n\t\t\t\t<div class=\"elementor-element elementor-element-e363464 elementor-widget elementor-widget-aux_button\" data-id=\"e363464\" data-element_type=\"widget\" data-e-type=\"widget\" data-widget_type=\"aux_button.default\">\n\t\t\t\t<div class=\"elementor-widget-container\">\n\t\t\t\t\t<a  href=\"https:\/\/wa.me\/56985538121\" target=\"_blank\"   class=\"aux-button aux-medium aux-carmine-pink aux-none aux-uppercase aux-icon-left\" ><span class=\"aux-overlay\"><\/span><i aria-hidden=\"true\" class=\"aux-icon fab fa-whatsapp\"><\/i><span class=\"aux-text\">Cont\u00e1ctanos<\/span><\/a>\t\t\t\t<\/div>\n\t\t\t\t<\/div>\n\t\t\t\t<div class=\"elementor-element elementor-element-915f693 elementor-widget elementor-widget-spacer\" data-id=\"915f693\" data-element_type=\"widget\" data-e-type=\"widget\" data-widget_type=\"spacer.default\">\n\t\t\t\t<div class=\"elementor-widget-container\">\n\t\t\t\t\t\t\t<div class=\"elementor-spacer\">\n\t\t\t<div class=\"elementor-spacer-inner\"><\/div>\n\t\t<\/div>\n\t\t\t\t\t\t<\/div>\n\t\t\t\t<\/div>\n\t\t\t\t\t<\/div>\n\t\t\t\t<\/div>\n\t\t\t\t<\/div>\n\t\t","protected":false},"excerpt":{"rendered":"<p>Hogar \u00bfQu\u00e9 es el Seguro Hogar? Resguarda tus bienes muebles y\/o inmuebles de la vivienda (casas y departamentos), sin importar si eres propietario o arrendatario. \u00bfQU\u00c9 CUBRE EL SEGURO HOGAR? Incendio y sus adicionales. Riesgos de la naturaleza (erupci\u00f3n volc\u00e1nica, tsunami, aluviones). Rotura de ca\u00f1er\u00edas.\u00a0 Riesgos pol\u00edticos.\u00a0 Adicionalmente, contempla la cobertura de Asistencia Domiciliaria. \u00a0 [&hellip;]<\/p>\n","protected":false},"author":1,"featured_media":0,"parent":0,"menu_order":0,"comment_status":"closed","ping_status":"closed","template":"","meta":{"footnotes":""},"class_list":["post-758","page","type-page","status-publish","hentry"],"yoast_head":"<!-- This site is optimized with the Yoast SEO plugin v27.4 - https:\/\/yoast.com\/product\/yoast-seo-wordpress\/ -->\n<title>Seguro de hogar en Chile | ACOR<\/title>\n<meta name=\"description\" content=\"El seguro de hogar est\u00e1 dise\u00f1ado para resguardar tus bienes muebles e inmuebles, ya sea que vivas en casa o departamento.\" \/>\n<meta name=\"robots\" content=\"index, follow, max-snippet:-1, max-image-preview:large, max-video-preview:-1\" \/>\n<link rel=\"canonical\" href=\"https:\/\/acorseguros.cl\/index.php\/seguro-hogar\/\" \/>\n<meta property=\"og:locale\" content=\"es_ES\" \/>\n<meta property=\"og:type\" content=\"article\" \/>\n<meta property=\"og:title\" content=\"Seguro de hogar en Chile | ACOR\" \/>\n<meta property=\"og:description\" content=\"El seguro de hogar est\u00e1 dise\u00f1ado para resguardar tus bienes muebles e inmuebles, ya sea que vivas en casa o departamento.\" \/>\n<meta property=\"og:url\" content=\"https:\/\/acorseguros.cl\/index.php\/seguro-hogar\/\" \/>\n<meta property=\"og:site_name\" content=\"Acor Seguros\" \/>\n<meta property=\"article:modified_time\" content=\"2026-05-04T16:28:20+00:00\" \/>\n<meta property=\"og:image\" content=\"https:\/\/acorseguros.cl\/wp-content\/uploads\/2026\/04\/productos-acor-02-hogar.jpg\" \/>\n<meta name=\"twitter:card\" content=\"summary_large_image\" \/>\n<meta name=\"twitter:label1\" content=\"Tiempo estimado de lectura\" \/>\n\t<meta name=\"twitter:data1\" content=\"1 minuto\" \/>\n<script type=\"application\/ld+json\" class=\"yoast-schema-graph\">{\"@context\":\"https:\\\/\\\/schema.org\",\"@graph\":[{\"@type\":\"WebPage\",\"@id\":\"https:\\\/\\\/acorseguros.cl\\\/index.php\\\/seguro-hogar\\\/\",\"url\":\"https:\\\/\\\/acorseguros.cl\\\/index.php\\\/seguro-hogar\\\/\",\"name\":\"Seguro de hogar en Chile | ACOR\",\"isPartOf\":{\"@id\":\"https:\\\/\\\/acorseguros.cl\\\/#website\"},\"primaryImageOfPage\":{\"@id\":\"https:\\\/\\\/acorseguros.cl\\\/index.php\\\/seguro-hogar\\\/#primaryimage\"},\"image\":{\"@id\":\"https:\\\/\\\/acorseguros.cl\\\/index.php\\\/seguro-hogar\\\/#primaryimage\"},\"thumbnailUrl\":\"https:\\\/\\\/acorseguros.cl\\\/wp-content\\\/uploads\\\/2026\\\/04\\\/productos-acor-02-hogar.jpg\",\"datePublished\":\"2026-04-18T13:51:09+00:00\",\"dateModified\":\"2026-05-04T16:28:20+00:00\",\"description\":\"El seguro de hogar est\u00e1 dise\u00f1ado para resguardar tus bienes muebles e inmuebles, ya sea que vivas en casa o departamento.\",\"breadcrumb\":{\"@id\":\"https:\\\/\\\/acorseguros.cl\\\/index.php\\\/seguro-hogar\\\/#breadcrumb\"},\"inLanguage\":\"es-CL\",\"potentialAction\":[{\"@type\":\"ReadAction\",\"target\":[\"https:\\\/\\\/acorseguros.cl\\\/index.php\\\/seguro-hogar\\\/\"]}]},{\"@type\":\"ImageObject\",\"inLanguage\":\"es-CL\",\"@id\":\"https:\\\/\\\/acorseguros.cl\\\/index.php\\\/seguro-hogar\\\/#primaryimage\",\"url\":\"https:\\\/\\\/acorseguros.cl\\\/wp-content\\\/uploads\\\/2026\\\/04\\\/productos-acor-02-hogar.jpg\",\"contentUrl\":\"https:\\\/\\\/acorseguros.cl\\\/wp-content\\\/uploads\\\/2026\\\/04\\\/productos-acor-02-hogar.jpg\",\"width\":1024,\"height\":749,\"caption\":\"Seguro de hogar en Chile para proteger casa o departamento\"},{\"@type\":\"BreadcrumbList\",\"@id\":\"https:\\\/\\\/acorseguros.cl\\\/index.php\\\/seguro-hogar\\\/#breadcrumb\",\"itemListElement\":[{\"@type\":\"ListItem\",\"position\":1,\"name\":\"Portada\",\"item\":\"https:\\\/\\\/acorseguros.cl\\\/\"},{\"@type\":\"ListItem\",\"position\":2,\"name\":\"Seguro Hogar\"}]},{\"@type\":\"WebSite\",\"@id\":\"https:\\\/\\\/acorseguros.cl\\\/#website\",\"url\":\"https:\\\/\\\/acorseguros.cl\\\/\",\"name\":\"Acor Seguros\",\"description\":\"corredores de seguros\",\"publisher\":{\"@id\":\"https:\\\/\\\/acorseguros.cl\\\/#organization\"},\"potentialAction\":[{\"@type\":\"SearchAction\",\"target\":{\"@type\":\"EntryPoint\",\"urlTemplate\":\"https:\\\/\\\/acorseguros.cl\\\/?s={search_term_string}\"},\"query-input\":{\"@type\":\"PropertyValueSpecification\",\"valueRequired\":true,\"valueName\":\"search_term_string\"}}],\"inLanguage\":\"es-CL\"},{\"@type\":\"Organization\",\"@id\":\"https:\\\/\\\/acorseguros.cl\\\/#organization\",\"name\":\"Acor Seguros\",\"url\":\"https:\\\/\\\/acorseguros.cl\\\/\",\"logo\":{\"@type\":\"ImageObject\",\"inLanguage\":\"es-CL\",\"@id\":\"https:\\\/\\\/acorseguros.cl\\\/#\\\/schema\\\/logo\\\/image\\\/\",\"url\":\"https:\\\/\\\/acorseguros.cl\\\/wp-content\\\/uploads\\\/2026\\\/03\\\/acor-logo-footer-color-1-01.svg\",\"contentUrl\":\"https:\\\/\\\/acorseguros.cl\\\/wp-content\\\/uploads\\\/2026\\\/03\\\/acor-logo-footer-color-1-01.svg\",\"width\":254,\"height\":35,\"caption\":\"Acor Seguros\"},\"image\":{\"@id\":\"https:\\\/\\\/acorseguros.cl\\\/#\\\/schema\\\/logo\\\/image\\\/\"}}]}<\/script>\n<!-- \/ Yoast SEO plugin. -->","yoast_head_json":{"title":"Seguro de hogar en Chile | ACOR","description":"El seguro de hogar est\u00e1 dise\u00f1ado para resguardar tus bienes muebles e inmuebles, ya sea que vivas en casa o departamento.","robots":{"index":"index","follow":"follow","max-snippet":"max-snippet:-1","max-image-preview":"max-image-preview:large","max-video-preview":"max-video-preview:-1"},"canonical":"https:\/\/acorseguros.cl\/index.php\/seguro-hogar\/","og_locale":"es_ES","og_type":"article","og_title":"Seguro de hogar en Chile | ACOR","og_description":"El seguro de hogar est\u00e1 dise\u00f1ado para resguardar tus bienes muebles e inmuebles, ya sea que vivas en casa o departamento.","og_url":"https:\/\/acorseguros.cl\/index.php\/seguro-hogar\/","og_site_name":"Acor Seguros","article_modified_time":"2026-05-04T16:28:20+00:00","og_image":[{"url":"https:\/\/acorseguros.cl\/wp-content\/uploads\/2026\/04\/productos-acor-02-hogar.jpg","type":"","width":"","height":""}],"twitter_card":"summary_large_image","twitter_misc":{"Tiempo estimado de lectura":"1 minuto"},"schema":{"@context":"https:\/\/schema.org","@graph":[{"@type":"WebPage","@id":"https:\/\/acorseguros.cl\/index.php\/seguro-hogar\/","url":"https:\/\/acorseguros.cl\/index.php\/seguro-hogar\/","name":"Seguro de hogar en Chile | ACOR","isPartOf":{"@id":"https:\/\/acorseguros.cl\/#website"},"primaryImageOfPage":{"@id":"https:\/\/acorseguros.cl\/index.php\/seguro-hogar\/#primaryimage"},"image":{"@id":"https:\/\/acorseguros.cl\/index.php\/seguro-hogar\/#primaryimage"},"thumbnailUrl":"https:\/\/acorseguros.cl\/wp-content\/uploads\/2026\/04\/productos-acor-02-hogar.jpg","datePublished":"2026-04-18T13:51:09+00:00","dateModified":"2026-05-04T16:28:20+00:00","description":"El seguro de hogar est\u00e1 dise\u00f1ado para resguardar tus bienes muebles e inmuebles, ya sea que vivas en casa o departamento.","breadcrumb":{"@id":"https:\/\/acorseguros.cl\/index.php\/seguro-hogar\/#breadcrumb"},"inLanguage":"es-CL","potentialAction":[{"@type":"ReadAction","target":["https:\/\/acorseguros.cl\/index.php\/seguro-hogar\/"]}]},{"@type":"ImageObject","inLanguage":"es-CL","@id":"https:\/\/acorseguros.cl\/index.php\/seguro-hogar\/#primaryimage","url":"https:\/\/acorseguros.cl\/wp-content\/uploads\/2026\/04\/productos-acor-02-hogar.jpg","contentUrl":"https:\/\/acorseguros.cl\/wp-content\/uploads\/2026\/04\/productos-acor-02-hogar.jpg","width":1024,"height":749,"caption":"Seguro de hogar en Chile para proteger casa o departamento"},{"@type":"BreadcrumbList","@id":"https:\/\/acorseguros.cl\/index.php\/seguro-hogar\/#breadcrumb","itemListElement":[{"@type":"ListItem","position":1,"name":"Portada","item":"https:\/\/acorseguros.cl\/"},{"@type":"ListItem","position":2,"name":"Seguro Hogar"}]},{"@type":"WebSite","@id":"https:\/\/acorseguros.cl\/#website","url":"https:\/\/acorseguros.cl\/","name":"Acor Seguros","description":"corredores de seguros","publisher":{"@id":"https:\/\/acorseguros.cl\/#organization"},"potentialAction":[{"@type":"SearchAction","target":{"@type":"EntryPoint","urlTemplate":"https:\/\/acorseguros.cl\/?s={search_term_string}"},"query-input":{"@type":"PropertyValueSpecification","valueRequired":true,"valueName":"search_term_string"}}],"inLanguage":"es-CL"},{"@type":"Organization","@id":"https:\/\/acorseguros.cl\/#organization","name":"Acor Seguros","url":"https:\/\/acorseguros.cl\/","logo":{"@type":"ImageObject","inLanguage":"es-CL","@id":"https:\/\/acorseguros.cl\/#\/schema\/logo\/image\/","url":"https:\/\/acorseguros.cl\/wp-content\/uploads\/2026\/03\/acor-logo-footer-color-1-01.svg","contentUrl":"https:\/\/acorseguros.cl\/wp-content\/uploads\/2026\/03\/acor-logo-footer-color-1-01.svg","width":254,"height":35,"caption":"Acor Seguros"},"image":{"@id":"https:\/\/acorseguros.cl\/#\/schema\/logo\/image\/"}}]}},"_links":{"self":[{"href":"https:\/\/acorseguros.cl\/index.php\/wp-json\/wp\/v2\/pages\/758","targetHints":{"allow":["GET"]}}],"collection":[{"href":"https:\/\/acorseguros.cl\/index.php\/wp-json\/wp\/v2\/pages"}],"about":[{"href":"https:\/\/acorseguros.cl\/index.php\/wp-json\/wp\/v2\/types\/page"}],"author":[{"embeddable":true,"href":"https:\/\/acorseguros.cl\/index.php\/wp-json\/wp\/v2\/users\/1"}],"replies":[{"embeddable":true,"href":"https:\/\/acorseguros.cl\/index.php\/wp-json\/wp\/v2\/comments?post=758"}],"version-history":[{"count":44,"href":"https:\/\/acorseguros.cl\/index.php\/wp-json\/wp\/v2\/pages\/758\/revisions"}],"predecessor-version":[{"id":1540,"href":"https:\/\/acorseguros.cl\/index.php\/wp-json\/wp\/v2\/pages\/758\/revisions\/1540"}],"wp:attachment":[{"href":"https:\/\/acorseguros.cl\/index.php\/wp-json\/wp\/v2\/media?parent=758"}],"curies":[{"name":"wp","href":"https:\/\/api.w.org\/{rel}","templated":true}]}}