{"id":760,"date":"2026-04-18T10:52:53","date_gmt":"2026-04-18T13:52:53","guid":{"rendered":"https:\/\/www.hand2hand.cl\/acor2026\/?page_id=760"},"modified":"2026-04-30T18:12:58","modified_gmt":"2026-04-30T21:12:58","slug":"seguro-automotriz","status":"publish","type":"page","link":"https:\/\/acorseguros.cl\/index.php\/seguro-automotriz\/","title":{"rendered":"Seguro Automotriz"},"content":{"rendered":"\t\t<div data-elementor-type=\"wp-page\" data-elementor-id=\"760\" class=\"elementor elementor-760\">\n\t\t\t\t<div class=\"aux-parallax-section elementor-element elementor-element-73300da e-flex e-con-boxed e-con e-parent\" data-id=\"73300da\" data-element_type=\"container\" data-e-type=\"container\" data-settings=\"{&quot;background_background&quot;:&quot;classic&quot;}\">\n\t\t\t\t\t<div class=\"e-con-inner\">\n\t\t<div class=\"elementor-element elementor-element-cc14047 e-con-full e-flex e-con e-child\" data-id=\"cc14047\" data-element_type=\"container\" data-e-type=\"container\">\n\t\t\t\t<div class=\"elementor-element elementor-element-7e905a6 elementor-widget elementor-widget-aux_modern_heading\" data-id=\"7e905a6\" data-element_type=\"widget\" data-e-type=\"widget\" data-widget_type=\"aux_modern_heading.default\">\n\t\t\t\t<div class=\"elementor-widget-container\">\n\t\t\t\t\t<section class=\"aux-widget-modern-heading\">\n            <div class=\"aux-widget-inner\"><div class=\"aux-modern-heading-divider\"><\/div><h2 class=\"aux-modern-heading-primary\">Automotriz<\/h2><\/div>\n        <\/section>\t\t\t\t<\/div>\n\t\t\t\t<\/div>\n\t\t\t\t<\/div>\n\t\t\t\t\t<\/div>\n\t\t\t\t<\/div>\n\t\t<div class=\"aux-parallax-section elementor-element elementor-element-7858561 e-flex e-con-boxed e-con e-parent\" data-id=\"7858561\" data-element_type=\"container\" data-e-type=\"container\">\n\t\t\t\t\t<div class=\"e-con-inner\">\n\t\t<div class=\"elementor-element elementor-element-92e50e5 e-con-full e-flex e-con e-child\" data-id=\"92e50e5\" data-element_type=\"container\" data-e-type=\"container\">\n\t\t\t\t<div class=\"elementor-element elementor-element-071c1c5 elementor-widget elementor-widget-aux_modern_heading\" data-id=\"071c1c5\" data-element_type=\"widget\" data-e-type=\"widget\" data-widget_type=\"aux_modern_heading.default\">\n\t\t\t\t<div class=\"elementor-widget-container\">\n\t\t\t\t\t<section class=\"aux-widget-modern-heading\">\n            <div class=\"aux-widget-inner\"><h2 class=\"aux-modern-heading-primary\"><\/h2><h3 class=\"aux-modern-heading-secondary\"><span class=\"aux-head-before\">Seguro Automotriz<\/span><span class=\"aux-head-after\"> <\/span><\/h3><div class=\"aux-modern-heading-divider\"><\/div><div class=\"aux-modern-heading-description\"><p>Protege tu veh\u00edculo contra da\u00f1os propios, y tambi\u00e9n frente a los posibles reclamos que puedas recibir por da\u00f1os causados a terceros o a sus bienes, ya sean producidos por ti o por quien conduc\u00eda tu autom\u00f3vil al momento del siniestro.<\/p><p><span style=\"font-weight: 400\">Los beneficios y l\u00edmites de cobertura dependen del seguro que contrates. Adem\u00e1s, puedes acceder a servicios de asistencia disponibles en todo horario, durante toda la semana.<\/span><\/p><\/div><\/div>\n        <\/section>\t\t\t\t<\/div>\n\t\t\t\t<\/div>\n\t\t\t\t<\/div>\n\t\t<div class=\"elementor-element elementor-element-6fa10c6 aux-appear-watch-animation aux-scale-down e-con-full e-flex e-con e-child\" data-id=\"6fa10c6\" data-element_type=\"container\" data-e-type=\"container\">\n\t\t<div class=\"elementor-element elementor-element-6e34803 e-con-full e-flex e-con e-child\" data-id=\"6e34803\" data-element_type=\"container\" data-e-type=\"container\">\n\t\t\t\t<div class=\"elementor-element elementor-element-1501245 elementor-widget elementor-widget-aux_image\" data-id=\"1501245\" data-element_type=\"widget\" data-e-type=\"widget\" data-widget_type=\"aux_image.default\">\n\t\t\t\t<div class=\"elementor-widget-container\">\n\t\t\t\t\t<section class=\"widget-container aux-widget-image aux-alignnone aux-parent-au0fdebb75\">\n    <div class=\"aux-media-hint-frame \">\n        <div class=\"aux-media-image \" >\n        \n            \n\n            \n            <img fetchpriority=\"high\" decoding=\"async\" width=\"1024\" height=\"749\" src=\"https:\/\/acorseguros.cl\/wp-content\/uploads\/2026\/03\/productos-acor-01-automotriz.jpg\" class=\"aux-attachment aux-featured-image aux-attachment-id-208\" alt=\"Seguro automotriz en Chile con cobertura para da\u00f1os propios y terceros\" srcset=\"https:\/\/acorseguros.cl\/wp-content\/uploads\/2026\/03\/productos-acor-01-automotriz-150x150.jpg 150w,https:\/\/acorseguros.cl\/wp-content\/uploads\/2026\/03\/productos-acor-01-automotriz-300x300.jpg 300w,https:\/\/acorseguros.cl\/wp-content\/uploads\/2026\/03\/productos-acor-01-automotriz-768x749.jpg 768w,https:\/\/acorseguros.cl\/wp-content\/uploads\/2026\/03\/productos-acor-01-automotriz.jpg 1024w\" data-ratio=\"1\" data-original-w=\"1024\" sizes=\"(max-width:479px) 480px,(max-width:767px) 768px,(max-width:1023px) 1024px,1024px\" \/>            \n                <\/div>\n    <\/div>\n\n<\/section><!-- widget-container -->\t\t\t\t<\/div>\n\t\t\t\t<\/div>\n\t\t\t\t<\/div>\n\t\t\t\t<\/div>\n\t\t\t\t\t<\/div>\n\t\t\t\t<\/div>\n\t\t<div class=\"aux-parallax-section elementor-element elementor-element-b7abfde e-flex e-con-boxed e-con e-parent\" data-id=\"b7abfde\" data-element_type=\"container\" data-e-type=\"container\">\n\t\t\t\t\t<div class=\"e-con-inner\">\n\t\t\t\t<div class=\"elementor-element elementor-element-af86d8a elementor-widget elementor-widget-aux_button\" data-id=\"af86d8a\" data-element_type=\"widget\" data-e-type=\"widget\" data-widget_type=\"aux_button.default\">\n\t\t\t\t<div class=\"elementor-widget-container\">\n\t\t\t\t\t<a  href=\"https:\/\/wa.me\/56985538121\" target=\"_blank\"   class=\"aux-button aux-medium aux-carmine-pink aux-none aux-uppercase aux-icon-left\" ><span class=\"aux-overlay\"><\/span><i aria-hidden=\"true\" class=\"aux-icon fab fa-whatsapp\"><\/i><span class=\"aux-text\">Cont\u00e1ctanos<\/span><\/a>\t\t\t\t<\/div>\n\t\t\t\t<\/div>\n\t\t\t\t<div class=\"elementor-element elementor-element-b614c08 elementor-widget elementor-widget-spacer\" data-id=\"b614c08\" data-element_type=\"widget\" data-e-type=\"widget\" data-widget_type=\"spacer.default\">\n\t\t\t\t<div class=\"elementor-widget-container\">\n\t\t\t\t\t\t\t<div class=\"elementor-spacer\">\n\t\t\t<div class=\"elementor-spacer-inner\"><\/div>\n\t\t<\/div>\n\t\t\t\t\t\t<\/div>\n\t\t\t\t<\/div>\n\t\t\t\t\t<\/div>\n\t\t\t\t<\/div>\n\t\t\t\t<\/div>\n\t\t","protected":false},"excerpt":{"rendered":"<p>Automotriz Seguro Automotriz Protege tu veh\u00edculo contra da\u00f1os propios, y tambi\u00e9n frente a los posibles reclamos que puedas recibir por da\u00f1os causados a terceros o a sus bienes, ya sean producidos por ti o por quien conduc\u00eda tu autom\u00f3vil al momento del siniestro. Los beneficios y l\u00edmites de cobertura dependen del seguro que contrates. Adem\u00e1s, [&hellip;]<\/p>\n","protected":false},"author":1,"featured_media":0,"parent":0,"menu_order":0,"comment_status":"closed","ping_status":"closed","template":"","meta":{"footnotes":""},"class_list":["post-760","page","type-page","status-publish","hentry"],"yoast_head":"<!-- This site is optimized with the Yoast SEO plugin v27.4 - https:\/\/yoast.com\/product\/yoast-seo-wordpress\/ -->\n<title>Seguro automotriz en Chile | ACOR<\/title>\n<meta name=\"description\" content=\"Descubre c\u00f3mo un seguro automotriz en Chile puede proteger tu veh\u00edculo y cubrir da\u00f1os a terceros y a sus bienes.\" \/>\n<meta name=\"robots\" content=\"index, follow, max-snippet:-1, max-image-preview:large, max-video-preview:-1\" \/>\n<link rel=\"canonical\" href=\"https:\/\/acorseguros.cl\/index.php\/seguro-automotriz\/\" \/>\n<meta property=\"og:locale\" content=\"es_ES\" \/>\n<meta property=\"og:type\" content=\"article\" \/>\n<meta property=\"og:title\" content=\"Seguro automotriz en Chile | ACOR\" \/>\n<meta property=\"og:description\" content=\"Descubre c\u00f3mo un seguro automotriz en Chile puede proteger tu veh\u00edculo y cubrir da\u00f1os a terceros y a sus bienes.\" \/>\n<meta property=\"og:url\" content=\"https:\/\/acorseguros.cl\/index.php\/seguro-automotriz\/\" \/>\n<meta property=\"og:site_name\" content=\"Acor Seguros\" \/>\n<meta property=\"article:modified_time\" content=\"2026-04-30T21:12:58+00:00\" \/>\n<meta property=\"og:image\" content=\"https:\/\/acorseguros.cl\/wp-content\/uploads\/2026\/03\/productos-acor-01-automotriz.jpg\" \/>\n<meta name=\"twitter:card\" content=\"summary_large_image\" \/>\n<meta name=\"twitter:label1\" content=\"Tiempo estimado de lectura\" \/>\n\t<meta name=\"twitter:data1\" content=\"1 minuto\" \/>\n<script type=\"application\/ld+json\" class=\"yoast-schema-graph\">{\"@context\":\"https:\\\/\\\/schema.org\",\"@graph\":[{\"@type\":\"WebPage\",\"@id\":\"https:\\\/\\\/acorseguros.cl\\\/index.php\\\/seguro-automotriz\\\/\",\"url\":\"https:\\\/\\\/acorseguros.cl\\\/index.php\\\/seguro-automotriz\\\/\",\"name\":\"Seguro automotriz en Chile | ACOR\",\"isPartOf\":{\"@id\":\"https:\\\/\\\/acorseguros.cl\\\/#website\"},\"primaryImageOfPage\":{\"@id\":\"https:\\\/\\\/acorseguros.cl\\\/index.php\\\/seguro-automotriz\\\/#primaryimage\"},\"image\":{\"@id\":\"https:\\\/\\\/acorseguros.cl\\\/index.php\\\/seguro-automotriz\\\/#primaryimage\"},\"thumbnailUrl\":\"https:\\\/\\\/acorseguros.cl\\\/wp-content\\\/uploads\\\/2026\\\/03\\\/productos-acor-01-automotriz.jpg\",\"datePublished\":\"2026-04-18T13:52:53+00:00\",\"dateModified\":\"2026-04-30T21:12:58+00:00\",\"description\":\"Descubre c\u00f3mo un seguro automotriz en Chile puede proteger tu veh\u00edculo y cubrir da\u00f1os a terceros y a sus bienes.\",\"breadcrumb\":{\"@id\":\"https:\\\/\\\/acorseguros.cl\\\/index.php\\\/seguro-automotriz\\\/#breadcrumb\"},\"inLanguage\":\"es-CL\",\"potentialAction\":[{\"@type\":\"ReadAction\",\"target\":[\"https:\\\/\\\/acorseguros.cl\\\/index.php\\\/seguro-automotriz\\\/\"]}]},{\"@type\":\"ImageObject\",\"inLanguage\":\"es-CL\",\"@id\":\"https:\\\/\\\/acorseguros.cl\\\/index.php\\\/seguro-automotriz\\\/#primaryimage\",\"url\":\"https:\\\/\\\/acorseguros.cl\\\/wp-content\\\/uploads\\\/2026\\\/03\\\/productos-acor-01-automotriz.jpg\",\"contentUrl\":\"https:\\\/\\\/acorseguros.cl\\\/wp-content\\\/uploads\\\/2026\\\/03\\\/productos-acor-01-automotriz.jpg\",\"width\":1024,\"height\":749,\"caption\":\"Seguro automotriz en Chile con cobertura para da\u00f1os propios y terceros\"},{\"@type\":\"BreadcrumbList\",\"@id\":\"https:\\\/\\\/acorseguros.cl\\\/index.php\\\/seguro-automotriz\\\/#breadcrumb\",\"itemListElement\":[{\"@type\":\"ListItem\",\"position\":1,\"name\":\"Portada\",\"item\":\"https:\\\/\\\/acorseguros.cl\\\/\"},{\"@type\":\"ListItem\",\"position\":2,\"name\":\"Seguro Automotriz\"}]},{\"@type\":\"WebSite\",\"@id\":\"https:\\\/\\\/acorseguros.cl\\\/#website\",\"url\":\"https:\\\/\\\/acorseguros.cl\\\/\",\"name\":\"Acor Seguros\",\"description\":\"corredores de seguros\",\"publisher\":{\"@id\":\"https:\\\/\\\/acorseguros.cl\\\/#organization\"},\"potentialAction\":[{\"@type\":\"SearchAction\",\"target\":{\"@type\":\"EntryPoint\",\"urlTemplate\":\"https:\\\/\\\/acorseguros.cl\\\/?s={search_term_string}\"},\"query-input\":{\"@type\":\"PropertyValueSpecification\",\"valueRequired\":true,\"valueName\":\"search_term_string\"}}],\"inLanguage\":\"es-CL\"},{\"@type\":\"Organization\",\"@id\":\"https:\\\/\\\/acorseguros.cl\\\/#organization\",\"name\":\"Acor Seguros\",\"url\":\"https:\\\/\\\/acorseguros.cl\\\/\",\"logo\":{\"@type\":\"ImageObject\",\"inLanguage\":\"es-CL\",\"@id\":\"https:\\\/\\\/acorseguros.cl\\\/#\\\/schema\\\/logo\\\/image\\\/\",\"url\":\"https:\\\/\\\/acorseguros.cl\\\/wp-content\\\/uploads\\\/2026\\\/03\\\/acor-logo-footer-color-1-01.svg\",\"contentUrl\":\"https:\\\/\\\/acorseguros.cl\\\/wp-content\\\/uploads\\\/2026\\\/03\\\/acor-logo-footer-color-1-01.svg\",\"width\":254,\"height\":35,\"caption\":\"Acor Seguros\"},\"image\":{\"@id\":\"https:\\\/\\\/acorseguros.cl\\\/#\\\/schema\\\/logo\\\/image\\\/\"}}]}<\/script>\n<!-- \/ Yoast SEO plugin. -->","yoast_head_json":{"title":"Seguro automotriz en Chile | ACOR","description":"Descubre c\u00f3mo un seguro automotriz en Chile puede proteger tu veh\u00edculo y cubrir da\u00f1os a terceros y a sus bienes.","robots":{"index":"index","follow":"follow","max-snippet":"max-snippet:-1","max-image-preview":"max-image-preview:large","max-video-preview":"max-video-preview:-1"},"canonical":"https:\/\/acorseguros.cl\/index.php\/seguro-automotriz\/","og_locale":"es_ES","og_type":"article","og_title":"Seguro automotriz en Chile | ACOR","og_description":"Descubre c\u00f3mo un seguro automotriz en Chile puede proteger tu veh\u00edculo y cubrir da\u00f1os a terceros y a sus bienes.","og_url":"https:\/\/acorseguros.cl\/index.php\/seguro-automotriz\/","og_site_name":"Acor Seguros","article_modified_time":"2026-04-30T21:12:58+00:00","og_image":[{"url":"https:\/\/acorseguros.cl\/wp-content\/uploads\/2026\/03\/productos-acor-01-automotriz.jpg","type":"","width":"","height":""}],"twitter_card":"summary_large_image","twitter_misc":{"Tiempo estimado de lectura":"1 minuto"},"schema":{"@context":"https:\/\/schema.org","@graph":[{"@type":"WebPage","@id":"https:\/\/acorseguros.cl\/index.php\/seguro-automotriz\/","url":"https:\/\/acorseguros.cl\/index.php\/seguro-automotriz\/","name":"Seguro automotriz en Chile | ACOR","isPartOf":{"@id":"https:\/\/acorseguros.cl\/#website"},"primaryImageOfPage":{"@id":"https:\/\/acorseguros.cl\/index.php\/seguro-automotriz\/#primaryimage"},"image":{"@id":"https:\/\/acorseguros.cl\/index.php\/seguro-automotriz\/#primaryimage"},"thumbnailUrl":"https:\/\/acorseguros.cl\/wp-content\/uploads\/2026\/03\/productos-acor-01-automotriz.jpg","datePublished":"2026-04-18T13:52:53+00:00","dateModified":"2026-04-30T21:12:58+00:00","description":"Descubre c\u00f3mo un seguro automotriz en Chile puede proteger tu veh\u00edculo y cubrir da\u00f1os a terceros y a sus bienes.","breadcrumb":{"@id":"https:\/\/acorseguros.cl\/index.php\/seguro-automotriz\/#breadcrumb"},"inLanguage":"es-CL","potentialAction":[{"@type":"ReadAction","target":["https:\/\/acorseguros.cl\/index.php\/seguro-automotriz\/"]}]},{"@type":"ImageObject","inLanguage":"es-CL","@id":"https:\/\/acorseguros.cl\/index.php\/seguro-automotriz\/#primaryimage","url":"https:\/\/acorseguros.cl\/wp-content\/uploads\/2026\/03\/productos-acor-01-automotriz.jpg","contentUrl":"https:\/\/acorseguros.cl\/wp-content\/uploads\/2026\/03\/productos-acor-01-automotriz.jpg","width":1024,"height":749,"caption":"Seguro automotriz en Chile con cobertura para da\u00f1os propios y terceros"},{"@type":"BreadcrumbList","@id":"https:\/\/acorseguros.cl\/index.php\/seguro-automotriz\/#breadcrumb","itemListElement":[{"@type":"ListItem","position":1,"name":"Portada","item":"https:\/\/acorseguros.cl\/"},{"@type":"ListItem","position":2,"name":"Seguro Automotriz"}]},{"@type":"WebSite","@id":"https:\/\/acorseguros.cl\/#website","url":"https:\/\/acorseguros.cl\/","name":"Acor Seguros","description":"corredores de seguros","publisher":{"@id":"https:\/\/acorseguros.cl\/#organization"},"potentialAction":[{"@type":"SearchAction","target":{"@type":"EntryPoint","urlTemplate":"https:\/\/acorseguros.cl\/?s={search_term_string}"},"query-input":{"@type":"PropertyValueSpecification","valueRequired":true,"valueName":"search_term_string"}}],"inLanguage":"es-CL"},{"@type":"Organization","@id":"https:\/\/acorseguros.cl\/#organization","name":"Acor Seguros","url":"https:\/\/acorseguros.cl\/","logo":{"@type":"ImageObject","inLanguage":"es-CL","@id":"https:\/\/acorseguros.cl\/#\/schema\/logo\/image\/","url":"https:\/\/acorseguros.cl\/wp-content\/uploads\/2026\/03\/acor-logo-footer-color-1-01.svg","contentUrl":"https:\/\/acorseguros.cl\/wp-content\/uploads\/2026\/03\/acor-logo-footer-color-1-01.svg","width":254,"height":35,"caption":"Acor Seguros"},"image":{"@id":"https:\/\/acorseguros.cl\/#\/schema\/logo\/image\/"}}]}},"_links":{"self":[{"href":"https:\/\/acorseguros.cl\/index.php\/wp-json\/wp\/v2\/pages\/760","targetHints":{"allow":["GET"]}}],"collection":[{"href":"https:\/\/acorseguros.cl\/index.php\/wp-json\/wp\/v2\/pages"}],"about":[{"href":"https:\/\/acorseguros.cl\/index.php\/wp-json\/wp\/v2\/types\/page"}],"author":[{"embeddable":true,"href":"https:\/\/acorseguros.cl\/index.php\/wp-json\/wp\/v2\/users\/1"}],"replies":[{"embeddable":true,"href":"https:\/\/acorseguros.cl\/index.php\/wp-json\/wp\/v2\/comments?post=760"}],"version-history":[{"count":39,"href":"https:\/\/acorseguros.cl\/index.php\/wp-json\/wp\/v2\/pages\/760\/revisions"}],"predecessor-version":[{"id":1482,"href":"https:\/\/acorseguros.cl\/index.php\/wp-json\/wp\/v2\/pages\/760\/revisions\/1482"}],"wp:attachment":[{"href":"https:\/\/acorseguros.cl\/index.php\/wp-json\/wp\/v2\/media?parent=760"}],"curies":[{"name":"wp","href":"https:\/\/api.w.org\/{rel}","templated":true}]}}