{"id":764,"date":"2026-04-18T10:54:37","date_gmt":"2026-04-18T13:54:37","guid":{"rendered":"https:\/\/www.hand2hand.cl\/acor2026\/?page_id=764"},"modified":"2026-05-04T12:42:38","modified_gmt":"2026-05-04T15:42:38","slug":"seguro-empresas","status":"publish","type":"page","link":"https:\/\/acorseguros.cl\/index.php\/seguro-empresas\/","title":{"rendered":"Seguro Empresas"},"content":{"rendered":"\t\t<div data-elementor-type=\"wp-page\" data-elementor-id=\"764\" class=\"elementor elementor-764\">\n\t\t\t\t<div class=\"aux-parallax-section elementor-element elementor-element-90ebf83 e-flex e-con-boxed e-con e-parent\" data-id=\"90ebf83\" data-element_type=\"container\" data-e-type=\"container\" data-settings=\"{&quot;background_background&quot;:&quot;classic&quot;}\">\n\t\t\t\t\t<div class=\"e-con-inner\">\n\t\t<div class=\"elementor-element elementor-element-1e1613b e-con-full e-flex e-con e-child\" data-id=\"1e1613b\" data-element_type=\"container\" data-e-type=\"container\">\n\t\t\t\t<div class=\"elementor-element elementor-element-7e0ff99 elementor-widget elementor-widget-aux_modern_heading\" data-id=\"7e0ff99\" data-element_type=\"widget\" data-e-type=\"widget\" data-widget_type=\"aux_modern_heading.default\">\n\t\t\t\t<div class=\"elementor-widget-container\">\n\t\t\t\t\t<section class=\"aux-widget-modern-heading\">\n            <div class=\"aux-widget-inner\"><div class=\"aux-modern-heading-divider\"><\/div><h2 class=\"aux-modern-heading-primary\">Empresas<\/h2><\/div>\n        <\/section>\t\t\t\t<\/div>\n\t\t\t\t<\/div>\n\t\t\t\t<\/div>\n\t\t\t\t\t<\/div>\n\t\t\t\t<\/div>\n\t\t<div class=\"aux-parallax-section elementor-element elementor-element-83f67d5 e-flex e-con-boxed e-con e-parent\" data-id=\"83f67d5\" data-element_type=\"container\" data-e-type=\"container\">\n\t\t\t\t\t<div class=\"e-con-inner\">\n\t\t<div class=\"elementor-element elementor-element-1a9b784 e-con-full e-flex e-con e-child\" data-id=\"1a9b784\" data-element_type=\"container\" data-e-type=\"container\">\n\t\t\t\t<div class=\"elementor-element elementor-element-92a4be0 elementor-widget elementor-widget-aux_modern_heading\" data-id=\"92a4be0\" data-element_type=\"widget\" data-e-type=\"widget\" data-widget_type=\"aux_modern_heading.default\">\n\t\t\t\t<div class=\"elementor-widget-container\">\n\t\t\t\t\t<section class=\"aux-widget-modern-heading\">\n            <div class=\"aux-widget-inner\"><h2 class=\"aux-modern-heading-primary\"><\/h2><h3 class=\"aux-modern-heading-secondary\"><span class=\"aux-head-before\">Seguro Empresas<\/span><span class=\"aux-head-after\"> <\/span><\/h3><div class=\"aux-modern-heading-divider\"><\/div><div class=\"aux-modern-heading-description\"><p><span style=\"font-weight: 400\">Protege tus bienes materiales, infraestructura y personal, permiti\u00e9ndote operar con mayor tranquilidad sin importar el rubro de tu empresa.<\/span><\/p><p><span style=\"font-weight: 400\">Incluye coberturas como:<\/span><\/p><ul><li style=\"font-weight: 400\"><span style=\"font-weight: 400\">Incendio.<\/span><\/li><li style=\"font-weight: 400\"><span style=\"font-weight: 400\">Seguros. forestales y agr\u00edcolas.\u00a0<\/span><\/li><li style=\"font-weight: 400\"><span style=\"font-weight: 400\">Construcci\u00f3n y montaje.<\/span><\/li><li style=\"font-weight: 400\"><span style=\"font-weight: 400\">Equipos m\u00f3viles.<\/span><\/li><li style=\"font-weight: 400\"><span style=\"font-weight: 400\">Responsabilidad civil general y profesional.<\/span><\/li><li style=\"font-weight: 400\"><span style=\"font-weight: 400\">Equipos electr\u00f3nicos.\u00a0<\/span><\/li><li style=\"font-weight: 400\"><span style=\"font-weight: 400\">Transporte nacional e internacional.<\/span><\/li><li style=\"font-weight: 400\"><span style=\"font-weight: 400\">Embarcaciones y aviaci\u00f3n.<\/span><\/li><li style=\"font-weight: 400\"><span style=\"font-weight: 400\">Protecci\u00f3n financiera, entre otros.<\/span><\/li><\/ul><\/div><\/div>\n        <\/section>\t\t\t\t<\/div>\n\t\t\t\t<\/div>\n\t\t\t\t<\/div>\n\t\t<div class=\"elementor-element elementor-element-9024220 aux-appear-watch-animation aux-scale-down e-con-full e-flex e-con e-child\" data-id=\"9024220\" data-element_type=\"container\" data-e-type=\"container\">\n\t\t<div class=\"elementor-element elementor-element-e8faf0a e-con-full e-flex e-con e-child\" data-id=\"e8faf0a\" data-element_type=\"container\" data-e-type=\"container\">\n\t\t\t\t<div class=\"elementor-element elementor-element-79c3263 elementor-widget elementor-widget-aux_image\" data-id=\"79c3263\" data-element_type=\"widget\" data-e-type=\"widget\" data-widget_type=\"aux_image.default\">\n\t\t\t\t<div class=\"elementor-widget-container\">\n\t\t\t\t\t<section class=\"widget-container aux-widget-image aux-alignnone aux-parent-au26710040\">\n    <div class=\"aux-media-hint-frame \">\n        <div class=\"aux-media-image \" >\n        \n            \n\n            \n            <img fetchpriority=\"high\" decoding=\"async\" width=\"1024\" height=\"749\" src=\"https:\/\/acorseguros.cl\/wp-content\/uploads\/2026\/03\/productos-acor-04-empresas.jpg\" class=\"aux-attachment aux-featured-image aux-attachment-id-210\" alt=\"seguro para empresas en Chile y tu negocio\" srcset=\"https:\/\/acorseguros.cl\/wp-content\/uploads\/2026\/03\/productos-acor-04-empresas-150x150.jpg 150w,https:\/\/acorseguros.cl\/wp-content\/uploads\/2026\/03\/productos-acor-04-empresas-300x300.jpg 300w,https:\/\/acorseguros.cl\/wp-content\/uploads\/2026\/03\/productos-acor-04-empresas-768x749.jpg 768w,https:\/\/acorseguros.cl\/wp-content\/uploads\/2026\/03\/productos-acor-04-empresas.jpg 1024w\" data-ratio=\"1\" data-original-w=\"1024\" sizes=\"(max-width:479px) 480px,(max-width:767px) 768px,(max-width:1023px) 1024px,1024px\" \/>            \n                <\/div>\n    <\/div>\n\n<\/section><!-- widget-container -->\t\t\t\t<\/div>\n\t\t\t\t<\/div>\n\t\t\t\t<\/div>\n\t\t\t\t<\/div>\n\t\t\t\t\t<\/div>\n\t\t\t\t<\/div>\n\t\t<div class=\"aux-parallax-section elementor-element elementor-element-4a24760 e-flex e-con-boxed e-con e-parent\" data-id=\"4a24760\" data-element_type=\"container\" data-e-type=\"container\">\n\t\t\t\t\t<div class=\"e-con-inner\">\n\t\t\t\t<div class=\"elementor-element elementor-element-a791a3f elementor-widget elementor-widget-aux_button\" data-id=\"a791a3f\" data-element_type=\"widget\" data-e-type=\"widget\" data-widget_type=\"aux_button.default\">\n\t\t\t\t<div class=\"elementor-widget-container\">\n\t\t\t\t\t<a  href=\"https:\/\/wa.me\/56985538121\" target=\"_blank\"   class=\"aux-button aux-medium aux-carmine-pink aux-none aux-uppercase aux-icon-left\" ><span class=\"aux-overlay\"><\/span><i aria-hidden=\"true\" class=\"aux-icon fab fa-whatsapp\"><\/i><span class=\"aux-text\">Cont\u00e1ctanos<\/span><\/a>\t\t\t\t<\/div>\n\t\t\t\t<\/div>\n\t\t\t\t<div class=\"elementor-element elementor-element-ae8640d elementor-widget elementor-widget-spacer\" data-id=\"ae8640d\" data-element_type=\"widget\" data-e-type=\"widget\" data-widget_type=\"spacer.default\">\n\t\t\t\t<div class=\"elementor-widget-container\">\n\t\t\t\t\t\t\t<div class=\"elementor-spacer\">\n\t\t\t<div class=\"elementor-spacer-inner\"><\/div>\n\t\t<\/div>\n\t\t\t\t\t\t<\/div>\n\t\t\t\t<\/div>\n\t\t\t\t\t<\/div>\n\t\t\t\t<\/div>\n\t\t\t\t<\/div>\n\t\t","protected":false},"excerpt":{"rendered":"<p>Empresas Seguro Empresas Protege tus bienes materiales, infraestructura y personal, permiti\u00e9ndote operar con mayor tranquilidad sin importar el rubro de tu empresa. Incluye coberturas como: Incendio. Seguros. forestales y agr\u00edcolas.\u00a0 Construcci\u00f3n y montaje. Equipos m\u00f3viles. Responsabilidad civil general y profesional. Equipos electr\u00f3nicos.\u00a0 Transporte nacional e internacional. Embarcaciones y aviaci\u00f3n. Protecci\u00f3n financiera, entre otros. Cont\u00e1ctanos<\/p>\n","protected":false},"author":1,"featured_media":0,"parent":0,"menu_order":0,"comment_status":"closed","ping_status":"closed","template":"","meta":{"footnotes":""},"class_list":["post-764","page","type-page","status-publish","hentry"],"yoast_head":"<!-- This site is optimized with the Yoast SEO plugin v27.4 - https:\/\/yoast.com\/product\/yoast-seo-wordpress\/ -->\n<title>Seguro para empresas en Chile | ACOR<\/title>\n<meta name=\"description\" content=\"El seguro para empresas en Chile est\u00e1 dise\u00f1ado para proteger tus bienes materiales, infraestructura y personal, y operar con mayor seguridad.\" \/>\n<meta name=\"robots\" content=\"index, follow, max-snippet:-1, max-image-preview:large, max-video-preview:-1\" \/>\n<link rel=\"canonical\" href=\"https:\/\/acorseguros.cl\/index.php\/seguro-empresas\/\" \/>\n<meta property=\"og:locale\" content=\"es_ES\" \/>\n<meta property=\"og:type\" content=\"article\" \/>\n<meta property=\"og:title\" content=\"Seguro para empresas en Chile | ACOR\" \/>\n<meta property=\"og:description\" content=\"El seguro para empresas en Chile est\u00e1 dise\u00f1ado para proteger tus bienes materiales, infraestructura y personal, y operar con mayor seguridad.\" \/>\n<meta property=\"og:url\" content=\"https:\/\/acorseguros.cl\/index.php\/seguro-empresas\/\" \/>\n<meta property=\"og:site_name\" content=\"Acor Seguros\" \/>\n<meta property=\"article:modified_time\" content=\"2026-05-04T15:42:38+00:00\" \/>\n<meta property=\"og:image\" content=\"https:\/\/acorseguros.cl\/wp-content\/uploads\/2026\/03\/productos-acor-04-empresas.jpg\" \/>\n<meta name=\"twitter:card\" content=\"summary_large_image\" \/>\n<meta name=\"twitter:label1\" content=\"Tiempo estimado de lectura\" \/>\n\t<meta name=\"twitter:data1\" content=\"1 minuto\" \/>\n<script type=\"application\/ld+json\" class=\"yoast-schema-graph\">{\"@context\":\"https:\\\/\\\/schema.org\",\"@graph\":[{\"@type\":\"WebPage\",\"@id\":\"https:\\\/\\\/acorseguros.cl\\\/index.php\\\/seguro-empresas\\\/\",\"url\":\"https:\\\/\\\/acorseguros.cl\\\/index.php\\\/seguro-empresas\\\/\",\"name\":\"Seguro para empresas en Chile | ACOR\",\"isPartOf\":{\"@id\":\"https:\\\/\\\/acorseguros.cl\\\/#website\"},\"primaryImageOfPage\":{\"@id\":\"https:\\\/\\\/acorseguros.cl\\\/index.php\\\/seguro-empresas\\\/#primaryimage\"},\"image\":{\"@id\":\"https:\\\/\\\/acorseguros.cl\\\/index.php\\\/seguro-empresas\\\/#primaryimage\"},\"thumbnailUrl\":\"https:\\\/\\\/acorseguros.cl\\\/wp-content\\\/uploads\\\/2026\\\/03\\\/productos-acor-04-empresas.jpg\",\"datePublished\":\"2026-04-18T13:54:37+00:00\",\"dateModified\":\"2026-05-04T15:42:38+00:00\",\"description\":\"El seguro para empresas en Chile est\u00e1 dise\u00f1ado para proteger tus bienes materiales, infraestructura y personal, y operar con mayor seguridad.\",\"breadcrumb\":{\"@id\":\"https:\\\/\\\/acorseguros.cl\\\/index.php\\\/seguro-empresas\\\/#breadcrumb\"},\"inLanguage\":\"es-CL\",\"potentialAction\":[{\"@type\":\"ReadAction\",\"target\":[\"https:\\\/\\\/acorseguros.cl\\\/index.php\\\/seguro-empresas\\\/\"]}]},{\"@type\":\"ImageObject\",\"inLanguage\":\"es-CL\",\"@id\":\"https:\\\/\\\/acorseguros.cl\\\/index.php\\\/seguro-empresas\\\/#primaryimage\",\"url\":\"https:\\\/\\\/acorseguros.cl\\\/wp-content\\\/uploads\\\/2026\\\/03\\\/productos-acor-04-empresas.jpg\",\"contentUrl\":\"https:\\\/\\\/acorseguros.cl\\\/wp-content\\\/uploads\\\/2026\\\/03\\\/productos-acor-04-empresas.jpg\",\"width\":1024,\"height\":749,\"caption\":\"seguro para empresas en Chile y tu negocio\"},{\"@type\":\"BreadcrumbList\",\"@id\":\"https:\\\/\\\/acorseguros.cl\\\/index.php\\\/seguro-empresas\\\/#breadcrumb\",\"itemListElement\":[{\"@type\":\"ListItem\",\"position\":1,\"name\":\"Portada\",\"item\":\"https:\\\/\\\/acorseguros.cl\\\/\"},{\"@type\":\"ListItem\",\"position\":2,\"name\":\"Seguro Empresas\"}]},{\"@type\":\"WebSite\",\"@id\":\"https:\\\/\\\/acorseguros.cl\\\/#website\",\"url\":\"https:\\\/\\\/acorseguros.cl\\\/\",\"name\":\"Acor Seguros\",\"description\":\"corredores de seguros\",\"publisher\":{\"@id\":\"https:\\\/\\\/acorseguros.cl\\\/#organization\"},\"potentialAction\":[{\"@type\":\"SearchAction\",\"target\":{\"@type\":\"EntryPoint\",\"urlTemplate\":\"https:\\\/\\\/acorseguros.cl\\\/?s={search_term_string}\"},\"query-input\":{\"@type\":\"PropertyValueSpecification\",\"valueRequired\":true,\"valueName\":\"search_term_string\"}}],\"inLanguage\":\"es-CL\"},{\"@type\":\"Organization\",\"@id\":\"https:\\\/\\\/acorseguros.cl\\\/#organization\",\"name\":\"Acor Seguros\",\"url\":\"https:\\\/\\\/acorseguros.cl\\\/\",\"logo\":{\"@type\":\"ImageObject\",\"inLanguage\":\"es-CL\",\"@id\":\"https:\\\/\\\/acorseguros.cl\\\/#\\\/schema\\\/logo\\\/image\\\/\",\"url\":\"https:\\\/\\\/acorseguros.cl\\\/wp-content\\\/uploads\\\/2026\\\/03\\\/acor-logo-footer-color-1-01.svg\",\"contentUrl\":\"https:\\\/\\\/acorseguros.cl\\\/wp-content\\\/uploads\\\/2026\\\/03\\\/acor-logo-footer-color-1-01.svg\",\"width\":254,\"height\":35,\"caption\":\"Acor Seguros\"},\"image\":{\"@id\":\"https:\\\/\\\/acorseguros.cl\\\/#\\\/schema\\\/logo\\\/image\\\/\"}}]}<\/script>\n<!-- \/ Yoast SEO plugin. -->","yoast_head_json":{"title":"Seguro para empresas en Chile | ACOR","description":"El seguro para empresas en Chile est\u00e1 dise\u00f1ado para proteger tus bienes materiales, infraestructura y personal, y operar con mayor seguridad.","robots":{"index":"index","follow":"follow","max-snippet":"max-snippet:-1","max-image-preview":"max-image-preview:large","max-video-preview":"max-video-preview:-1"},"canonical":"https:\/\/acorseguros.cl\/index.php\/seguro-empresas\/","og_locale":"es_ES","og_type":"article","og_title":"Seguro para empresas en Chile | ACOR","og_description":"El seguro para empresas en Chile est\u00e1 dise\u00f1ado para proteger tus bienes materiales, infraestructura y personal, y operar con mayor seguridad.","og_url":"https:\/\/acorseguros.cl\/index.php\/seguro-empresas\/","og_site_name":"Acor Seguros","article_modified_time":"2026-05-04T15:42:38+00:00","og_image":[{"url":"https:\/\/acorseguros.cl\/wp-content\/uploads\/2026\/03\/productos-acor-04-empresas.jpg","type":"","width":"","height":""}],"twitter_card":"summary_large_image","twitter_misc":{"Tiempo estimado de lectura":"1 minuto"},"schema":{"@context":"https:\/\/schema.org","@graph":[{"@type":"WebPage","@id":"https:\/\/acorseguros.cl\/index.php\/seguro-empresas\/","url":"https:\/\/acorseguros.cl\/index.php\/seguro-empresas\/","name":"Seguro para empresas en Chile | ACOR","isPartOf":{"@id":"https:\/\/acorseguros.cl\/#website"},"primaryImageOfPage":{"@id":"https:\/\/acorseguros.cl\/index.php\/seguro-empresas\/#primaryimage"},"image":{"@id":"https:\/\/acorseguros.cl\/index.php\/seguro-empresas\/#primaryimage"},"thumbnailUrl":"https:\/\/acorseguros.cl\/wp-content\/uploads\/2026\/03\/productos-acor-04-empresas.jpg","datePublished":"2026-04-18T13:54:37+00:00","dateModified":"2026-05-04T15:42:38+00:00","description":"El seguro para empresas en Chile est\u00e1 dise\u00f1ado para proteger tus bienes materiales, infraestructura y personal, y operar con mayor seguridad.","breadcrumb":{"@id":"https:\/\/acorseguros.cl\/index.php\/seguro-empresas\/#breadcrumb"},"inLanguage":"es-CL","potentialAction":[{"@type":"ReadAction","target":["https:\/\/acorseguros.cl\/index.php\/seguro-empresas\/"]}]},{"@type":"ImageObject","inLanguage":"es-CL","@id":"https:\/\/acorseguros.cl\/index.php\/seguro-empresas\/#primaryimage","url":"https:\/\/acorseguros.cl\/wp-content\/uploads\/2026\/03\/productos-acor-04-empresas.jpg","contentUrl":"https:\/\/acorseguros.cl\/wp-content\/uploads\/2026\/03\/productos-acor-04-empresas.jpg","width":1024,"height":749,"caption":"seguro para empresas en Chile y tu negocio"},{"@type":"BreadcrumbList","@id":"https:\/\/acorseguros.cl\/index.php\/seguro-empresas\/#breadcrumb","itemListElement":[{"@type":"ListItem","position":1,"name":"Portada","item":"https:\/\/acorseguros.cl\/"},{"@type":"ListItem","position":2,"name":"Seguro Empresas"}]},{"@type":"WebSite","@id":"https:\/\/acorseguros.cl\/#website","url":"https:\/\/acorseguros.cl\/","name":"Acor Seguros","description":"corredores de seguros","publisher":{"@id":"https:\/\/acorseguros.cl\/#organization"},"potentialAction":[{"@type":"SearchAction","target":{"@type":"EntryPoint","urlTemplate":"https:\/\/acorseguros.cl\/?s={search_term_string}"},"query-input":{"@type":"PropertyValueSpecification","valueRequired":true,"valueName":"search_term_string"}}],"inLanguage":"es-CL"},{"@type":"Organization","@id":"https:\/\/acorseguros.cl\/#organization","name":"Acor Seguros","url":"https:\/\/acorseguros.cl\/","logo":{"@type":"ImageObject","inLanguage":"es-CL","@id":"https:\/\/acorseguros.cl\/#\/schema\/logo\/image\/","url":"https:\/\/acorseguros.cl\/wp-content\/uploads\/2026\/03\/acor-logo-footer-color-1-01.svg","contentUrl":"https:\/\/acorseguros.cl\/wp-content\/uploads\/2026\/03\/acor-logo-footer-color-1-01.svg","width":254,"height":35,"caption":"Acor Seguros"},"image":{"@id":"https:\/\/acorseguros.cl\/#\/schema\/logo\/image\/"}}]}},"_links":{"self":[{"href":"https:\/\/acorseguros.cl\/index.php\/wp-json\/wp\/v2\/pages\/764","targetHints":{"allow":["GET"]}}],"collection":[{"href":"https:\/\/acorseguros.cl\/index.php\/wp-json\/wp\/v2\/pages"}],"about":[{"href":"https:\/\/acorseguros.cl\/index.php\/wp-json\/wp\/v2\/types\/page"}],"author":[{"embeddable":true,"href":"https:\/\/acorseguros.cl\/index.php\/wp-json\/wp\/v2\/users\/1"}],"replies":[{"embeddable":true,"href":"https:\/\/acorseguros.cl\/index.php\/wp-json\/wp\/v2\/comments?post=764"}],"version-history":[{"count":48,"href":"https:\/\/acorseguros.cl\/index.php\/wp-json\/wp\/v2\/pages\/764\/revisions"}],"predecessor-version":[{"id":1526,"href":"https:\/\/acorseguros.cl\/index.php\/wp-json\/wp\/v2\/pages\/764\/revisions\/1526"}],"wp:attachment":[{"href":"https:\/\/acorseguros.cl\/index.php\/wp-json\/wp\/v2\/media?parent=764"}],"curies":[{"name":"wp","href":"https:\/\/api.w.org\/{rel}","templated":true}]}}