{"id":766,"date":"2026-04-18T10:55:24","date_gmt":"2026-04-18T13:55:24","guid":{"rendered":"https:\/\/www.hand2hand.cl\/acor2026\/?page_id=766"},"modified":"2026-05-04T15:01:39","modified_gmt":"2026-05-04T18:01:39","slug":"seguro-pymes","status":"publish","type":"page","link":"https:\/\/acorseguros.cl\/index.php\/seguro-pymes\/","title":{"rendered":"Seguro Pymes"},"content":{"rendered":"\t\t<div data-elementor-type=\"wp-page\" data-elementor-id=\"766\" class=\"elementor elementor-766\">\n\t\t\t\t<div class=\"aux-parallax-section elementor-element elementor-element-eb398f5 e-flex e-con-boxed e-con e-parent\" data-id=\"eb398f5\" data-element_type=\"container\" data-e-type=\"container\" data-settings=\"{&quot;background_background&quot;:&quot;classic&quot;}\">\n\t\t\t\t\t<div class=\"e-con-inner\">\n\t\t<div class=\"elementor-element elementor-element-8a27c2f e-con-full e-flex e-con e-child\" data-id=\"8a27c2f\" data-element_type=\"container\" data-e-type=\"container\">\n\t\t\t\t<div class=\"elementor-element elementor-element-7eeed7b elementor-widget elementor-widget-aux_modern_heading\" data-id=\"7eeed7b\" data-element_type=\"widget\" data-e-type=\"widget\" data-widget_type=\"aux_modern_heading.default\">\n\t\t\t\t<div class=\"elementor-widget-container\">\n\t\t\t\t\t<section class=\"aux-widget-modern-heading\">\n            <div class=\"aux-widget-inner\"><div class=\"aux-modern-heading-divider\"><\/div><h2 class=\"aux-modern-heading-primary\">Pymes\n<\/h2><\/div>\n        <\/section>\t\t\t\t<\/div>\n\t\t\t\t<\/div>\n\t\t\t\t<\/div>\n\t\t\t\t\t<\/div>\n\t\t\t\t<\/div>\n\t\t<div class=\"aux-parallax-section elementor-element elementor-element-bf2a531 e-flex e-con-boxed e-con e-parent\" data-id=\"bf2a531\" data-element_type=\"container\" data-e-type=\"container\">\n\t\t\t\t\t<div class=\"e-con-inner\">\n\t\t<div class=\"elementor-element elementor-element-1a051e3 e-con-full e-flex e-con e-child\" data-id=\"1a051e3\" data-element_type=\"container\" data-e-type=\"container\">\n\t\t\t\t<div class=\"elementor-element elementor-element-2020747 elementor-widget elementor-widget-aux_modern_heading\" data-id=\"2020747\" data-element_type=\"widget\" data-e-type=\"widget\" data-widget_type=\"aux_modern_heading.default\">\n\t\t\t\t<div class=\"elementor-widget-container\">\n\t\t\t\t\t<section class=\"aux-widget-modern-heading\">\n            <div class=\"aux-widget-inner\"><h2 class=\"aux-modern-heading-primary\"><\/h2><h3 class=\"aux-modern-heading-secondary\"><span class=\"aux-head-before\">Seguro Pymes<\/span><span class=\"aux-head-after\"> <\/span><\/h3><div class=\"aux-modern-heading-divider\"><\/div><div class=\"aux-modern-heading-description\"><p>\u00bfQu\u00e9 es el Seguro Pymes?<\/p><p><span style=\"font-weight: 400\">Protege de forma integral <\/span><b>tu empresa<\/b><span style=\"font-weight: 400\">, ya sea un comercio u oficina, resguardando tanto a las personas como tu patrimonio.<\/span><\/p><p><span style=\"font-weight: 400\">Integra distintas coberturas y cuenta con entre 2 y 11 opciones enfocadas en la protecci\u00f3n frente a:<\/span><\/p><ul><li style=\"font-weight: 400\"><span style=\"font-weight: 400\">Incendio y da\u00f1os de la naturaleza.\u00a0<\/span><\/li><li style=\"font-weight: 400\"><span style=\"font-weight: 400\">Rotura de ca\u00f1er\u00edas.<\/span><\/li><li style=\"font-weight: 400\"><span style=\"font-weight: 400\">Coberturas opcionales como sismo, terrorismo, robo, cristales, responsabilidad civil, accidentes personales, aver\u00eda de maquinarias, equipos electr\u00f3nicos y perjuicio por paralizaci\u00f3n.<\/span><\/li><\/ul><p><span style=\"font-weight: 400\">Adem\u00e1s, permite acceder a planes de asistencia diferenciados que incluyen servicios de plomer\u00eda, cerrajer\u00eda, electricidad, vidrier\u00eda y asistencia legal.<\/span><\/p><\/div><\/div>\n        <\/section>\t\t\t\t<\/div>\n\t\t\t\t<\/div>\n\t\t\t\t<\/div>\n\t\t<div class=\"elementor-element elementor-element-37f8251 aux-appear-watch-animation aux-scale-down e-con-full e-flex e-con e-child\" data-id=\"37f8251\" data-element_type=\"container\" data-e-type=\"container\">\n\t\t<div class=\"elementor-element elementor-element-5423468 e-con-full e-flex e-con e-child\" data-id=\"5423468\" data-element_type=\"container\" data-e-type=\"container\">\n\t\t\t\t<div class=\"elementor-element elementor-element-09036c1 elementor-widget elementor-widget-aux_image\" data-id=\"09036c1\" data-element_type=\"widget\" data-e-type=\"widget\" data-widget_type=\"aux_image.default\">\n\t\t\t\t<div class=\"elementor-widget-container\">\n\t\t\t\t\t<section class=\"widget-container aux-widget-image aux-alignnone aux-parent-au3b80f1fe\">\n    <div class=\"aux-media-hint-frame \">\n        <div class=\"aux-media-image \" >\n        \n            \n\n            \n            <img fetchpriority=\"high\" decoding=\"async\" width=\"1024\" height=\"749\" src=\"https:\/\/acorseguros.cl\/wp-content\/uploads\/2026\/03\/productos-acor-05-pymes.jpg\" class=\"aux-attachment aux-featured-image aux-attachment-id-211\" alt=\"seguro pymes en Chile\" srcset=\"https:\/\/acorseguros.cl\/wp-content\/uploads\/2026\/03\/productos-acor-05-pymes-150x150.jpg 150w,https:\/\/acorseguros.cl\/wp-content\/uploads\/2026\/03\/productos-acor-05-pymes-300x300.jpg 300w,https:\/\/acorseguros.cl\/wp-content\/uploads\/2026\/03\/productos-acor-05-pymes-768x749.jpg 768w,https:\/\/acorseguros.cl\/wp-content\/uploads\/2026\/03\/productos-acor-05-pymes.jpg 1024w\" data-ratio=\"1\" data-original-w=\"1024\" sizes=\"(max-width:479px) 480px,(max-width:767px) 768px,(max-width:1023px) 1024px,1024px\" \/>            \n                <\/div>\n    <\/div>\n\n<\/section><!-- widget-container -->\t\t\t\t<\/div>\n\t\t\t\t<\/div>\n\t\t\t\t<\/div>\n\t\t\t\t<\/div>\n\t\t\t\t\t<\/div>\n\t\t\t\t<\/div>\n\t\t<div class=\"aux-parallax-section elementor-element elementor-element-932e1db e-flex e-con-boxed e-con e-parent\" data-id=\"932e1db\" data-element_type=\"container\" data-e-type=\"container\">\n\t\t\t\t\t<div class=\"e-con-inner\">\n\t\t\t\t<div class=\"elementor-element elementor-element-4a420f9 elementor-widget elementor-widget-aux_button\" data-id=\"4a420f9\" data-element_type=\"widget\" data-e-type=\"widget\" data-widget_type=\"aux_button.default\">\n\t\t\t\t<div class=\"elementor-widget-container\">\n\t\t\t\t\t<a  href=\"https:\/\/wa.me\/56985538121\" target=\"_blank\"   class=\"aux-button aux-medium aux-carmine-pink aux-none aux-uppercase aux-icon-left\" ><span class=\"aux-overlay\"><\/span><i aria-hidden=\"true\" class=\"aux-icon fab fa-whatsapp\"><\/i><span class=\"aux-text\">Cont\u00e1ctanos<\/span><\/a>\t\t\t\t<\/div>\n\t\t\t\t<\/div>\n\t\t\t\t<div class=\"elementor-element elementor-element-70805f7 elementor-widget elementor-widget-spacer\" data-id=\"70805f7\" data-element_type=\"widget\" data-e-type=\"widget\" data-widget_type=\"spacer.default\">\n\t\t\t\t<div class=\"elementor-widget-container\">\n\t\t\t\t\t\t\t<div class=\"elementor-spacer\">\n\t\t\t<div class=\"elementor-spacer-inner\"><\/div>\n\t\t<\/div>\n\t\t\t\t\t\t<\/div>\n\t\t\t\t<\/div>\n\t\t\t\t\t<\/div>\n\t\t\t\t<\/div>\n\t\t\t\t<\/div>\n\t\t","protected":false},"excerpt":{"rendered":"<p>Pymes Seguro Pymes \u00bfQu\u00e9 es el Seguro Pymes? Protege de forma integral tu empresa, ya sea un comercio u oficina, resguardando tanto a las personas como tu patrimonio. Integra distintas coberturas y cuenta con entre 2 y 11 opciones enfocadas en la protecci\u00f3n frente a: Incendio y da\u00f1os de la naturaleza.\u00a0 Rotura de ca\u00f1er\u00edas. Coberturas [&hellip;]<\/p>\n","protected":false},"author":1,"featured_media":0,"parent":0,"menu_order":0,"comment_status":"closed","ping_status":"closed","template":"","meta":{"footnotes":""},"class_list":["post-766","page","type-page","status-publish","hentry"],"yoast_head":"<!-- This site is optimized with the Yoast SEO plugin v27.4 - https:\/\/yoast.com\/product\/yoast-seo-wordpress\/ -->\n<title>Seguro Pymes en Chile | ACOR<\/title>\n<meta name=\"description\" content=\"El seguro Pymes en Chile est\u00e1 dise\u00f1ado para proteger de forma integral tu empresa, ya sea un comercio u oficina. Integra distintas cobertura.\" \/>\n<meta name=\"robots\" content=\"index, follow, max-snippet:-1, max-image-preview:large, max-video-preview:-1\" \/>\n<link rel=\"canonical\" href=\"https:\/\/acorseguros.cl\/index.php\/seguro-pymes\/\" \/>\n<meta property=\"og:locale\" content=\"es_ES\" \/>\n<meta property=\"og:type\" content=\"article\" \/>\n<meta property=\"og:title\" content=\"Seguro Pymes en Chile | ACOR\" \/>\n<meta property=\"og:description\" content=\"El seguro Pymes en Chile est\u00e1 dise\u00f1ado para proteger de forma integral tu empresa, ya sea un comercio u oficina. Integra distintas cobertura.\" \/>\n<meta property=\"og:url\" content=\"https:\/\/acorseguros.cl\/index.php\/seguro-pymes\/\" \/>\n<meta property=\"og:site_name\" content=\"Acor Seguros\" \/>\n<meta property=\"article:modified_time\" content=\"2026-05-04T18:01:39+00:00\" \/>\n<meta property=\"og:image\" content=\"https:\/\/acorseguros.cl\/wp-content\/uploads\/2026\/03\/productos-acor-05-pymes.jpg\" \/>\n<meta name=\"twitter:card\" content=\"summary_large_image\" \/>\n<meta name=\"twitter:label1\" content=\"Tiempo estimado de lectura\" \/>\n\t<meta name=\"twitter:data1\" content=\"1 minuto\" \/>\n<script type=\"application\/ld+json\" class=\"yoast-schema-graph\">{\"@context\":\"https:\\\/\\\/schema.org\",\"@graph\":[{\"@type\":\"WebPage\",\"@id\":\"https:\\\/\\\/acorseguros.cl\\\/index.php\\\/seguro-pymes\\\/\",\"url\":\"https:\\\/\\\/acorseguros.cl\\\/index.php\\\/seguro-pymes\\\/\",\"name\":\"Seguro Pymes en Chile | ACOR\",\"isPartOf\":{\"@id\":\"https:\\\/\\\/acorseguros.cl\\\/#website\"},\"primaryImageOfPage\":{\"@id\":\"https:\\\/\\\/acorseguros.cl\\\/index.php\\\/seguro-pymes\\\/#primaryimage\"},\"image\":{\"@id\":\"https:\\\/\\\/acorseguros.cl\\\/index.php\\\/seguro-pymes\\\/#primaryimage\"},\"thumbnailUrl\":\"https:\\\/\\\/acorseguros.cl\\\/wp-content\\\/uploads\\\/2026\\\/03\\\/productos-acor-05-pymes.jpg\",\"datePublished\":\"2026-04-18T13:55:24+00:00\",\"dateModified\":\"2026-05-04T18:01:39+00:00\",\"description\":\"El seguro Pymes en Chile est\u00e1 dise\u00f1ado para proteger de forma integral tu empresa, ya sea un comercio u oficina. Integra distintas cobertura.\",\"breadcrumb\":{\"@id\":\"https:\\\/\\\/acorseguros.cl\\\/index.php\\\/seguro-pymes\\\/#breadcrumb\"},\"inLanguage\":\"es-CL\",\"potentialAction\":[{\"@type\":\"ReadAction\",\"target\":[\"https:\\\/\\\/acorseguros.cl\\\/index.php\\\/seguro-pymes\\\/\"]}]},{\"@type\":\"ImageObject\",\"inLanguage\":\"es-CL\",\"@id\":\"https:\\\/\\\/acorseguros.cl\\\/index.php\\\/seguro-pymes\\\/#primaryimage\",\"url\":\"https:\\\/\\\/acorseguros.cl\\\/wp-content\\\/uploads\\\/2026\\\/03\\\/productos-acor-05-pymes.jpg\",\"contentUrl\":\"https:\\\/\\\/acorseguros.cl\\\/wp-content\\\/uploads\\\/2026\\\/03\\\/productos-acor-05-pymes.jpg\",\"width\":1024,\"height\":749,\"caption\":\"seguro pymes en Chile\"},{\"@type\":\"BreadcrumbList\",\"@id\":\"https:\\\/\\\/acorseguros.cl\\\/index.php\\\/seguro-pymes\\\/#breadcrumb\",\"itemListElement\":[{\"@type\":\"ListItem\",\"position\":1,\"name\":\"Portada\",\"item\":\"https:\\\/\\\/acorseguros.cl\\\/\"},{\"@type\":\"ListItem\",\"position\":2,\"name\":\"Seguro Pymes\"}]},{\"@type\":\"WebSite\",\"@id\":\"https:\\\/\\\/acorseguros.cl\\\/#website\",\"url\":\"https:\\\/\\\/acorseguros.cl\\\/\",\"name\":\"Acor Seguros\",\"description\":\"corredores de seguros\",\"publisher\":{\"@id\":\"https:\\\/\\\/acorseguros.cl\\\/#organization\"},\"potentialAction\":[{\"@type\":\"SearchAction\",\"target\":{\"@type\":\"EntryPoint\",\"urlTemplate\":\"https:\\\/\\\/acorseguros.cl\\\/?s={search_term_string}\"},\"query-input\":{\"@type\":\"PropertyValueSpecification\",\"valueRequired\":true,\"valueName\":\"search_term_string\"}}],\"inLanguage\":\"es-CL\"},{\"@type\":\"Organization\",\"@id\":\"https:\\\/\\\/acorseguros.cl\\\/#organization\",\"name\":\"Acor Seguros\",\"url\":\"https:\\\/\\\/acorseguros.cl\\\/\",\"logo\":{\"@type\":\"ImageObject\",\"inLanguage\":\"es-CL\",\"@id\":\"https:\\\/\\\/acorseguros.cl\\\/#\\\/schema\\\/logo\\\/image\\\/\",\"url\":\"https:\\\/\\\/acorseguros.cl\\\/wp-content\\\/uploads\\\/2026\\\/03\\\/acor-logo-footer-color-1-01.svg\",\"contentUrl\":\"https:\\\/\\\/acorseguros.cl\\\/wp-content\\\/uploads\\\/2026\\\/03\\\/acor-logo-footer-color-1-01.svg\",\"width\":254,\"height\":35,\"caption\":\"Acor Seguros\"},\"image\":{\"@id\":\"https:\\\/\\\/acorseguros.cl\\\/#\\\/schema\\\/logo\\\/image\\\/\"}}]}<\/script>\n<!-- \/ Yoast SEO plugin. -->","yoast_head_json":{"title":"Seguro Pymes en Chile | ACOR","description":"El seguro Pymes en Chile est\u00e1 dise\u00f1ado para proteger de forma integral tu empresa, ya sea un comercio u oficina. Integra distintas cobertura.","robots":{"index":"index","follow":"follow","max-snippet":"max-snippet:-1","max-image-preview":"max-image-preview:large","max-video-preview":"max-video-preview:-1"},"canonical":"https:\/\/acorseguros.cl\/index.php\/seguro-pymes\/","og_locale":"es_ES","og_type":"article","og_title":"Seguro Pymes en Chile | ACOR","og_description":"El seguro Pymes en Chile est\u00e1 dise\u00f1ado para proteger de forma integral tu empresa, ya sea un comercio u oficina. Integra distintas cobertura.","og_url":"https:\/\/acorseguros.cl\/index.php\/seguro-pymes\/","og_site_name":"Acor Seguros","article_modified_time":"2026-05-04T18:01:39+00:00","og_image":[{"url":"https:\/\/acorseguros.cl\/wp-content\/uploads\/2026\/03\/productos-acor-05-pymes.jpg","type":"","width":"","height":""}],"twitter_card":"summary_large_image","twitter_misc":{"Tiempo estimado de lectura":"1 minuto"},"schema":{"@context":"https:\/\/schema.org","@graph":[{"@type":"WebPage","@id":"https:\/\/acorseguros.cl\/index.php\/seguro-pymes\/","url":"https:\/\/acorseguros.cl\/index.php\/seguro-pymes\/","name":"Seguro Pymes en Chile | ACOR","isPartOf":{"@id":"https:\/\/acorseguros.cl\/#website"},"primaryImageOfPage":{"@id":"https:\/\/acorseguros.cl\/index.php\/seguro-pymes\/#primaryimage"},"image":{"@id":"https:\/\/acorseguros.cl\/index.php\/seguro-pymes\/#primaryimage"},"thumbnailUrl":"https:\/\/acorseguros.cl\/wp-content\/uploads\/2026\/03\/productos-acor-05-pymes.jpg","datePublished":"2026-04-18T13:55:24+00:00","dateModified":"2026-05-04T18:01:39+00:00","description":"El seguro Pymes en Chile est\u00e1 dise\u00f1ado para proteger de forma integral tu empresa, ya sea un comercio u oficina. Integra distintas cobertura.","breadcrumb":{"@id":"https:\/\/acorseguros.cl\/index.php\/seguro-pymes\/#breadcrumb"},"inLanguage":"es-CL","potentialAction":[{"@type":"ReadAction","target":["https:\/\/acorseguros.cl\/index.php\/seguro-pymes\/"]}]},{"@type":"ImageObject","inLanguage":"es-CL","@id":"https:\/\/acorseguros.cl\/index.php\/seguro-pymes\/#primaryimage","url":"https:\/\/acorseguros.cl\/wp-content\/uploads\/2026\/03\/productos-acor-05-pymes.jpg","contentUrl":"https:\/\/acorseguros.cl\/wp-content\/uploads\/2026\/03\/productos-acor-05-pymes.jpg","width":1024,"height":749,"caption":"seguro pymes en Chile"},{"@type":"BreadcrumbList","@id":"https:\/\/acorseguros.cl\/index.php\/seguro-pymes\/#breadcrumb","itemListElement":[{"@type":"ListItem","position":1,"name":"Portada","item":"https:\/\/acorseguros.cl\/"},{"@type":"ListItem","position":2,"name":"Seguro Pymes"}]},{"@type":"WebSite","@id":"https:\/\/acorseguros.cl\/#website","url":"https:\/\/acorseguros.cl\/","name":"Acor Seguros","description":"corredores de seguros","publisher":{"@id":"https:\/\/acorseguros.cl\/#organization"},"potentialAction":[{"@type":"SearchAction","target":{"@type":"EntryPoint","urlTemplate":"https:\/\/acorseguros.cl\/?s={search_term_string}"},"query-input":{"@type":"PropertyValueSpecification","valueRequired":true,"valueName":"search_term_string"}}],"inLanguage":"es-CL"},{"@type":"Organization","@id":"https:\/\/acorseguros.cl\/#organization","name":"Acor Seguros","url":"https:\/\/acorseguros.cl\/","logo":{"@type":"ImageObject","inLanguage":"es-CL","@id":"https:\/\/acorseguros.cl\/#\/schema\/logo\/image\/","url":"https:\/\/acorseguros.cl\/wp-content\/uploads\/2026\/03\/acor-logo-footer-color-1-01.svg","contentUrl":"https:\/\/acorseguros.cl\/wp-content\/uploads\/2026\/03\/acor-logo-footer-color-1-01.svg","width":254,"height":35,"caption":"Acor Seguros"},"image":{"@id":"https:\/\/acorseguros.cl\/#\/schema\/logo\/image\/"}}]}},"_links":{"self":[{"href":"https:\/\/acorseguros.cl\/index.php\/wp-json\/wp\/v2\/pages\/766","targetHints":{"allow":["GET"]}}],"collection":[{"href":"https:\/\/acorseguros.cl\/index.php\/wp-json\/wp\/v2\/pages"}],"about":[{"href":"https:\/\/acorseguros.cl\/index.php\/wp-json\/wp\/v2\/types\/page"}],"author":[{"embeddable":true,"href":"https:\/\/acorseguros.cl\/index.php\/wp-json\/wp\/v2\/users\/1"}],"replies":[{"embeddable":true,"href":"https:\/\/acorseguros.cl\/index.php\/wp-json\/wp\/v2\/comments?post=766"}],"version-history":[{"count":43,"href":"https:\/\/acorseguros.cl\/index.php\/wp-json\/wp\/v2\/pages\/766\/revisions"}],"predecessor-version":[{"id":1554,"href":"https:\/\/acorseguros.cl\/index.php\/wp-json\/wp\/v2\/pages\/766\/revisions\/1554"}],"wp:attachment":[{"href":"https:\/\/acorseguros.cl\/index.php\/wp-json\/wp\/v2\/media?parent=766"}],"curies":[{"name":"wp","href":"https:\/\/api.w.org\/{rel}","templated":true}]}}