{"id":768,"date":"2026-04-18T10:56:12","date_gmt":"2026-04-18T13:56:12","guid":{"rendered":"https:\/\/www.hand2hand.cl\/acor2026\/?page_id=768"},"modified":"2026-04-30T18:19:29","modified_gmt":"2026-04-30T21:19:29","slug":"seguro-comercio","status":"publish","type":"page","link":"https:\/\/acorseguros.cl\/index.php\/seguro-comercio\/","title":{"rendered":"Seguro Comercio"},"content":{"rendered":"\t\t<div data-elementor-type=\"wp-page\" data-elementor-id=\"768\" class=\"elementor elementor-768\">\n\t\t\t\t<div class=\"aux-parallax-section elementor-element elementor-element-aac17b4 e-flex e-con-boxed e-con e-parent\" data-id=\"aac17b4\" data-element_type=\"container\" data-e-type=\"container\" data-settings=\"{&quot;background_background&quot;:&quot;classic&quot;}\">\n\t\t\t\t\t<div class=\"e-con-inner\">\n\t\t<div class=\"elementor-element elementor-element-af2390e e-con-full e-flex e-con e-child\" data-id=\"af2390e\" data-element_type=\"container\" data-e-type=\"container\">\n\t\t\t\t<div class=\"elementor-element elementor-element-a3db353 elementor-widget elementor-widget-aux_modern_heading\" data-id=\"a3db353\" data-element_type=\"widget\" data-e-type=\"widget\" data-widget_type=\"aux_modern_heading.default\">\n\t\t\t\t<div class=\"elementor-widget-container\">\n\t\t\t\t\t<section class=\"aux-widget-modern-heading\">\n            <div class=\"aux-widget-inner\"><div class=\"aux-modern-heading-divider\"><\/div><h2 class=\"aux-modern-heading-primary\">Comercio\n<\/h2><\/div>\n        <\/section>\t\t\t\t<\/div>\n\t\t\t\t<\/div>\n\t\t\t\t<\/div>\n\t\t\t\t\t<\/div>\n\t\t\t\t<\/div>\n\t\t<div class=\"aux-parallax-section elementor-element elementor-element-4d1b0c8 e-flex e-con-boxed e-con e-parent\" data-id=\"4d1b0c8\" data-element_type=\"container\" data-e-type=\"container\">\n\t\t\t\t\t<div class=\"e-con-inner\">\n\t\t<div class=\"elementor-element elementor-element-aaaf1ff e-con-full e-flex e-con e-child\" data-id=\"aaaf1ff\" data-element_type=\"container\" data-e-type=\"container\">\n\t\t\t\t<div class=\"elementor-element elementor-element-85ac359 elementor-widget elementor-widget-aux_modern_heading\" data-id=\"85ac359\" data-element_type=\"widget\" data-e-type=\"widget\" data-widget_type=\"aux_modern_heading.default\">\n\t\t\t\t<div class=\"elementor-widget-container\">\n\t\t\t\t\t<section class=\"aux-widget-modern-heading\">\n            <div class=\"aux-widget-inner\"><h2 class=\"aux-modern-heading-primary\"><\/h2><h3 class=\"aux-modern-heading-secondary\"><span class=\"aux-head-before\">Seguro de Comercio<\/span><span class=\"aux-head-after\"> <\/span><\/h3><div class=\"aux-modern-heading-divider\"><\/div><div class=\"aux-modern-heading-description\"><p><span style=\"font-weight: 400\">Protege tu negocio u oficina frente a distintos riesgos, cubriendo da\u00f1os tanto en la estructura del local como en su interior.<\/span><\/p><p><span style=\"font-weight: 400\">Incluye:<\/span><\/p><ul><li style=\"font-weight: 400\"><span style=\"font-weight: 400\">Da\u00f1os por incendio, rayo o explosi\u00f3n.\u00a0<\/span><\/li><li style=\"font-weight: 400\"><span style=\"font-weight: 400\">Da\u00f1os derivados de la extinci\u00f3n de incendios.<\/span><\/li><li style=\"font-weight: 400\"><span style=\"font-weight: 400\">Robo de bienes o mercader\u00eda.\u00a0<\/span><\/li><li style=\"font-weight: 400\"><span style=\"font-weight: 400\">Da\u00f1os al inmueble producto de robos.<\/span><\/li><li>Protege ante demandas por lesiones o da\u00f1os a terceros ocurridos en el local.<\/li><\/ul><\/div><\/div>\n        <\/section>\t\t\t\t<\/div>\n\t\t\t\t<\/div>\n\t\t\t\t<\/div>\n\t\t<div class=\"elementor-element elementor-element-4afa9d2 aux-appear-watch-animation aux-scale-down e-con-full e-flex e-con e-child\" data-id=\"4afa9d2\" data-element_type=\"container\" data-e-type=\"container\">\n\t\t<div class=\"elementor-element elementor-element-9f0888a e-con-full e-flex e-con e-child\" data-id=\"9f0888a\" data-element_type=\"container\" data-e-type=\"container\">\n\t\t\t\t<div class=\"elementor-element elementor-element-2b2385c elementor-widget elementor-widget-aux_image\" data-id=\"2b2385c\" data-element_type=\"widget\" data-e-type=\"widget\" data-widget_type=\"aux_image.default\">\n\t\t\t\t<div class=\"elementor-widget-container\">\n\t\t\t\t\t<section class=\"widget-container aux-widget-image aux-alignnone aux-parent-au0c2483ac\">\n    <div class=\"aux-media-hint-frame \">\n        <div class=\"aux-media-image \" >\n        \n            \n\n            \n            <img fetchpriority=\"high\" decoding=\"async\" width=\"1024\" height=\"749\" src=\"https:\/\/acorseguros.cl\/wp-content\/uploads\/2026\/03\/productos-acor-06-comercio.jpg\" class=\"aux-attachment aux-featured-image aux-attachment-id-212\" alt=\"Seguro de comercio para proteger negocios y oficinas en Chile\" srcset=\"https:\/\/acorseguros.cl\/wp-content\/uploads\/2026\/03\/productos-acor-06-comercio-150x150.jpg 150w,https:\/\/acorseguros.cl\/wp-content\/uploads\/2026\/03\/productos-acor-06-comercio-300x300.jpg 300w,https:\/\/acorseguros.cl\/wp-content\/uploads\/2026\/03\/productos-acor-06-comercio-768x749.jpg 768w,https:\/\/acorseguros.cl\/wp-content\/uploads\/2026\/03\/productos-acor-06-comercio.jpg 1024w\" data-ratio=\"1\" data-original-w=\"1024\" sizes=\"(max-width:479px) 480px,(max-width:767px) 768px,(max-width:1023px) 1024px,1024px\" \/>            \n                <\/div>\n    <\/div>\n\n<\/section><!-- widget-container -->\t\t\t\t<\/div>\n\t\t\t\t<\/div>\n\t\t\t\t<\/div>\n\t\t\t\t<\/div>\n\t\t\t\t\t<\/div>\n\t\t\t\t<\/div>\n\t\t<div class=\"aux-parallax-section elementor-element elementor-element-9399588 e-flex e-con-boxed e-con e-parent\" data-id=\"9399588\" data-element_type=\"container\" data-e-type=\"container\">\n\t\t\t\t\t<div class=\"e-con-inner\">\n\t\t\t\t<div class=\"elementor-element elementor-element-8ced0cb elementor-widget elementor-widget-aux_button\" data-id=\"8ced0cb\" data-element_type=\"widget\" data-e-type=\"widget\" data-widget_type=\"aux_button.default\">\n\t\t\t\t<div class=\"elementor-widget-container\">\n\t\t\t\t\t<a  href=\"https:\/\/wa.me\/56985538121\" target=\"_blank\"   class=\"aux-button aux-medium aux-carmine-pink aux-none aux-uppercase aux-icon-left\" ><span class=\"aux-overlay\"><\/span><i aria-hidden=\"true\" class=\"aux-icon fab fa-whatsapp\"><\/i><span class=\"aux-text\">Cont\u00e1ctanos<\/span><\/a>\t\t\t\t<\/div>\n\t\t\t\t<\/div>\n\t\t\t\t<div class=\"elementor-element elementor-element-e7915e1 elementor-widget elementor-widget-spacer\" data-id=\"e7915e1\" data-element_type=\"widget\" data-e-type=\"widget\" data-widget_type=\"spacer.default\">\n\t\t\t\t<div class=\"elementor-widget-container\">\n\t\t\t\t\t\t\t<div class=\"elementor-spacer\">\n\t\t\t<div class=\"elementor-spacer-inner\"><\/div>\n\t\t<\/div>\n\t\t\t\t\t\t<\/div>\n\t\t\t\t<\/div>\n\t\t\t\t\t<\/div>\n\t\t\t\t<\/div>\n\t\t\t\t<\/div>\n\t\t","protected":false},"excerpt":{"rendered":"<p>Comercio Seguro de Comercio Protege tu negocio u oficina frente a distintos riesgos, cubriendo da\u00f1os tanto en la estructura del local como en su interior. Incluye: Da\u00f1os por incendio, rayo o explosi\u00f3n.\u00a0 Da\u00f1os derivados de la extinci\u00f3n de incendios. Robo de bienes o mercader\u00eda.\u00a0 Da\u00f1os al inmueble producto de robos. Protege ante demandas por lesiones [&hellip;]<\/p>\n","protected":false},"author":1,"featured_media":0,"parent":0,"menu_order":0,"comment_status":"closed","ping_status":"closed","template":"","meta":{"footnotes":""},"class_list":["post-768","page","type-page","status-publish","hentry"],"yoast_head":"<!-- This site is optimized with the Yoast SEO plugin v27.4 - https:\/\/yoast.com\/product\/yoast-seo-wordpress\/ -->\n<title>Seguro de comercio en Chile | ACOR<\/title>\n<meta name=\"description\" content=\"Protecci\u00f3n integral para tu negocio frente a riesgos operativos y financieros en chile. Contrata hoy tu seguro de comercio en Chile.\" \/>\n<meta name=\"robots\" content=\"index, follow, max-snippet:-1, max-image-preview:large, max-video-preview:-1\" \/>\n<link rel=\"canonical\" href=\"https:\/\/acorseguros.cl\/index.php\/seguro-comercio\/\" \/>\n<meta property=\"og:locale\" content=\"es_ES\" \/>\n<meta property=\"og:type\" content=\"article\" \/>\n<meta property=\"og:title\" content=\"Seguro de comercio en Chile | ACOR\" \/>\n<meta property=\"og:description\" content=\"Protecci\u00f3n integral para tu negocio frente a riesgos operativos y financieros en chile. Contrata hoy tu seguro de comercio en Chile.\" \/>\n<meta property=\"og:url\" content=\"https:\/\/acorseguros.cl\/index.php\/seguro-comercio\/\" \/>\n<meta property=\"og:site_name\" content=\"Acor Seguros\" \/>\n<meta property=\"article:modified_time\" content=\"2026-04-30T21:19:29+00:00\" \/>\n<meta property=\"og:image\" content=\"https:\/\/acorseguros.cl\/wp-content\/uploads\/2026\/03\/productos-acor-06-comercio.jpg\" \/>\n<meta name=\"twitter:card\" content=\"summary_large_image\" \/>\n<meta name=\"twitter:label1\" content=\"Tiempo estimado de lectura\" \/>\n\t<meta name=\"twitter:data1\" content=\"1 minuto\" \/>\n<script type=\"application\/ld+json\" class=\"yoast-schema-graph\">{\"@context\":\"https:\\\/\\\/schema.org\",\"@graph\":[{\"@type\":\"WebPage\",\"@id\":\"https:\\\/\\\/acorseguros.cl\\\/index.php\\\/seguro-comercio\\\/\",\"url\":\"https:\\\/\\\/acorseguros.cl\\\/index.php\\\/seguro-comercio\\\/\",\"name\":\"Seguro de comercio en Chile | ACOR\",\"isPartOf\":{\"@id\":\"https:\\\/\\\/acorseguros.cl\\\/#website\"},\"primaryImageOfPage\":{\"@id\":\"https:\\\/\\\/acorseguros.cl\\\/index.php\\\/seguro-comercio\\\/#primaryimage\"},\"image\":{\"@id\":\"https:\\\/\\\/acorseguros.cl\\\/index.php\\\/seguro-comercio\\\/#primaryimage\"},\"thumbnailUrl\":\"https:\\\/\\\/acorseguros.cl\\\/wp-content\\\/uploads\\\/2026\\\/03\\\/productos-acor-06-comercio.jpg\",\"datePublished\":\"2026-04-18T13:56:12+00:00\",\"dateModified\":\"2026-04-30T21:19:29+00:00\",\"description\":\"Protecci\u00f3n integral para tu negocio frente a riesgos operativos y financieros en chile. Contrata hoy tu seguro de comercio en Chile.\",\"breadcrumb\":{\"@id\":\"https:\\\/\\\/acorseguros.cl\\\/index.php\\\/seguro-comercio\\\/#breadcrumb\"},\"inLanguage\":\"es-CL\",\"potentialAction\":[{\"@type\":\"ReadAction\",\"target\":[\"https:\\\/\\\/acorseguros.cl\\\/index.php\\\/seguro-comercio\\\/\"]}]},{\"@type\":\"ImageObject\",\"inLanguage\":\"es-CL\",\"@id\":\"https:\\\/\\\/acorseguros.cl\\\/index.php\\\/seguro-comercio\\\/#primaryimage\",\"url\":\"https:\\\/\\\/acorseguros.cl\\\/wp-content\\\/uploads\\\/2026\\\/03\\\/productos-acor-06-comercio.jpg\",\"contentUrl\":\"https:\\\/\\\/acorseguros.cl\\\/wp-content\\\/uploads\\\/2026\\\/03\\\/productos-acor-06-comercio.jpg\",\"width\":1024,\"height\":749,\"caption\":\"Seguro de comercio para proteger negocios y oficinas en Chile\"},{\"@type\":\"BreadcrumbList\",\"@id\":\"https:\\\/\\\/acorseguros.cl\\\/index.php\\\/seguro-comercio\\\/#breadcrumb\",\"itemListElement\":[{\"@type\":\"ListItem\",\"position\":1,\"name\":\"Portada\",\"item\":\"https:\\\/\\\/acorseguros.cl\\\/\"},{\"@type\":\"ListItem\",\"position\":2,\"name\":\"Seguro Comercio\"}]},{\"@type\":\"WebSite\",\"@id\":\"https:\\\/\\\/acorseguros.cl\\\/#website\",\"url\":\"https:\\\/\\\/acorseguros.cl\\\/\",\"name\":\"Acor Seguros\",\"description\":\"corredores de seguros\",\"publisher\":{\"@id\":\"https:\\\/\\\/acorseguros.cl\\\/#organization\"},\"potentialAction\":[{\"@type\":\"SearchAction\",\"target\":{\"@type\":\"EntryPoint\",\"urlTemplate\":\"https:\\\/\\\/acorseguros.cl\\\/?s={search_term_string}\"},\"query-input\":{\"@type\":\"PropertyValueSpecification\",\"valueRequired\":true,\"valueName\":\"search_term_string\"}}],\"inLanguage\":\"es-CL\"},{\"@type\":\"Organization\",\"@id\":\"https:\\\/\\\/acorseguros.cl\\\/#organization\",\"name\":\"Acor Seguros\",\"url\":\"https:\\\/\\\/acorseguros.cl\\\/\",\"logo\":{\"@type\":\"ImageObject\",\"inLanguage\":\"es-CL\",\"@id\":\"https:\\\/\\\/acorseguros.cl\\\/#\\\/schema\\\/logo\\\/image\\\/\",\"url\":\"https:\\\/\\\/acorseguros.cl\\\/wp-content\\\/uploads\\\/2026\\\/03\\\/acor-logo-footer-color-1-01.svg\",\"contentUrl\":\"https:\\\/\\\/acorseguros.cl\\\/wp-content\\\/uploads\\\/2026\\\/03\\\/acor-logo-footer-color-1-01.svg\",\"width\":254,\"height\":35,\"caption\":\"Acor Seguros\"},\"image\":{\"@id\":\"https:\\\/\\\/acorseguros.cl\\\/#\\\/schema\\\/logo\\\/image\\\/\"}}]}<\/script>\n<!-- \/ Yoast SEO plugin. -->","yoast_head_json":{"title":"Seguro de comercio en Chile | ACOR","description":"Protecci\u00f3n integral para tu negocio frente a riesgos operativos y financieros en chile. Contrata hoy tu seguro de comercio en Chile.","robots":{"index":"index","follow":"follow","max-snippet":"max-snippet:-1","max-image-preview":"max-image-preview:large","max-video-preview":"max-video-preview:-1"},"canonical":"https:\/\/acorseguros.cl\/index.php\/seguro-comercio\/","og_locale":"es_ES","og_type":"article","og_title":"Seguro de comercio en Chile | ACOR","og_description":"Protecci\u00f3n integral para tu negocio frente a riesgos operativos y financieros en chile. Contrata hoy tu seguro de comercio en Chile.","og_url":"https:\/\/acorseguros.cl\/index.php\/seguro-comercio\/","og_site_name":"Acor Seguros","article_modified_time":"2026-04-30T21:19:29+00:00","og_image":[{"url":"https:\/\/acorseguros.cl\/wp-content\/uploads\/2026\/03\/productos-acor-06-comercio.jpg","type":"","width":"","height":""}],"twitter_card":"summary_large_image","twitter_misc":{"Tiempo estimado de lectura":"1 minuto"},"schema":{"@context":"https:\/\/schema.org","@graph":[{"@type":"WebPage","@id":"https:\/\/acorseguros.cl\/index.php\/seguro-comercio\/","url":"https:\/\/acorseguros.cl\/index.php\/seguro-comercio\/","name":"Seguro de comercio en Chile | ACOR","isPartOf":{"@id":"https:\/\/acorseguros.cl\/#website"},"primaryImageOfPage":{"@id":"https:\/\/acorseguros.cl\/index.php\/seguro-comercio\/#primaryimage"},"image":{"@id":"https:\/\/acorseguros.cl\/index.php\/seguro-comercio\/#primaryimage"},"thumbnailUrl":"https:\/\/acorseguros.cl\/wp-content\/uploads\/2026\/03\/productos-acor-06-comercio.jpg","datePublished":"2026-04-18T13:56:12+00:00","dateModified":"2026-04-30T21:19:29+00:00","description":"Protecci\u00f3n integral para tu negocio frente a riesgos operativos y financieros en chile. Contrata hoy tu seguro de comercio en Chile.","breadcrumb":{"@id":"https:\/\/acorseguros.cl\/index.php\/seguro-comercio\/#breadcrumb"},"inLanguage":"es-CL","potentialAction":[{"@type":"ReadAction","target":["https:\/\/acorseguros.cl\/index.php\/seguro-comercio\/"]}]},{"@type":"ImageObject","inLanguage":"es-CL","@id":"https:\/\/acorseguros.cl\/index.php\/seguro-comercio\/#primaryimage","url":"https:\/\/acorseguros.cl\/wp-content\/uploads\/2026\/03\/productos-acor-06-comercio.jpg","contentUrl":"https:\/\/acorseguros.cl\/wp-content\/uploads\/2026\/03\/productos-acor-06-comercio.jpg","width":1024,"height":749,"caption":"Seguro de comercio para proteger negocios y oficinas en Chile"},{"@type":"BreadcrumbList","@id":"https:\/\/acorseguros.cl\/index.php\/seguro-comercio\/#breadcrumb","itemListElement":[{"@type":"ListItem","position":1,"name":"Portada","item":"https:\/\/acorseguros.cl\/"},{"@type":"ListItem","position":2,"name":"Seguro Comercio"}]},{"@type":"WebSite","@id":"https:\/\/acorseguros.cl\/#website","url":"https:\/\/acorseguros.cl\/","name":"Acor Seguros","description":"corredores de seguros","publisher":{"@id":"https:\/\/acorseguros.cl\/#organization"},"potentialAction":[{"@type":"SearchAction","target":{"@type":"EntryPoint","urlTemplate":"https:\/\/acorseguros.cl\/?s={search_term_string}"},"query-input":{"@type":"PropertyValueSpecification","valueRequired":true,"valueName":"search_term_string"}}],"inLanguage":"es-CL"},{"@type":"Organization","@id":"https:\/\/acorseguros.cl\/#organization","name":"Acor Seguros","url":"https:\/\/acorseguros.cl\/","logo":{"@type":"ImageObject","inLanguage":"es-CL","@id":"https:\/\/acorseguros.cl\/#\/schema\/logo\/image\/","url":"https:\/\/acorseguros.cl\/wp-content\/uploads\/2026\/03\/acor-logo-footer-color-1-01.svg","contentUrl":"https:\/\/acorseguros.cl\/wp-content\/uploads\/2026\/03\/acor-logo-footer-color-1-01.svg","width":254,"height":35,"caption":"Acor Seguros"},"image":{"@id":"https:\/\/acorseguros.cl\/#\/schema\/logo\/image\/"}}]}},"_links":{"self":[{"href":"https:\/\/acorseguros.cl\/index.php\/wp-json\/wp\/v2\/pages\/768","targetHints":{"allow":["GET"]}}],"collection":[{"href":"https:\/\/acorseguros.cl\/index.php\/wp-json\/wp\/v2\/pages"}],"about":[{"href":"https:\/\/acorseguros.cl\/index.php\/wp-json\/wp\/v2\/types\/page"}],"author":[{"embeddable":true,"href":"https:\/\/acorseguros.cl\/index.php\/wp-json\/wp\/v2\/users\/1"}],"replies":[{"embeddable":true,"href":"https:\/\/acorseguros.cl\/index.php\/wp-json\/wp\/v2\/comments?post=768"}],"version-history":[{"count":29,"href":"https:\/\/acorseguros.cl\/index.php\/wp-json\/wp\/v2\/pages\/768\/revisions"}],"predecessor-version":[{"id":1487,"href":"https:\/\/acorseguros.cl\/index.php\/wp-json\/wp\/v2\/pages\/768\/revisions\/1487"}],"wp:attachment":[{"href":"https:\/\/acorseguros.cl\/index.php\/wp-json\/wp\/v2\/media?parent=768"}],"curies":[{"name":"wp","href":"https:\/\/api.w.org\/{rel}","templated":true}]}}