{"id":847,"date":"2026-04-20T14:39:42","date_gmt":"2026-04-20T17:39:42","guid":{"rendered":"https:\/\/www.hand2hand.cl\/acor2026\/?page_id=847"},"modified":"2026-04-30T18:07:55","modified_gmt":"2026-04-30T21:07:55","slug":"seguro-accidentes-personales","status":"publish","type":"page","link":"https:\/\/acorseguros.cl\/index.php\/seguro-accidentes-personales\/","title":{"rendered":"Seguro Accidentes Personales"},"content":{"rendered":"\t\t<div data-elementor-type=\"wp-page\" data-elementor-id=\"847\" class=\"elementor elementor-847\">\n\t\t\t\t<div class=\"aux-parallax-section elementor-element elementor-element-e84d48c e-flex e-con-boxed e-con e-parent\" data-id=\"e84d48c\" data-element_type=\"container\" data-e-type=\"container\" data-settings=\"{&quot;background_background&quot;:&quot;classic&quot;}\">\n\t\t\t\t\t<div class=\"e-con-inner\">\n\t\t<div class=\"elementor-element elementor-element-ae55c38 e-con-full e-flex e-con e-child\" data-id=\"ae55c38\" data-element_type=\"container\" data-e-type=\"container\">\n\t\t\t\t<div class=\"elementor-element elementor-element-950787a elementor-widget elementor-widget-aux_modern_heading\" data-id=\"950787a\" data-element_type=\"widget\" data-e-type=\"widget\" data-widget_type=\"aux_modern_heading.default\">\n\t\t\t\t<div class=\"elementor-widget-container\">\n\t\t\t\t\t<section class=\"aux-widget-modern-heading\">\n            <div class=\"aux-widget-inner\"><div class=\"aux-modern-heading-divider\"><\/div><h2 class=\"aux-modern-heading-primary\">Accidentes<\/h2><\/div>\n        <\/section>\t\t\t\t<\/div>\n\t\t\t\t<\/div>\n\t\t\t\t<\/div>\n\t\t\t\t\t<\/div>\n\t\t\t\t<\/div>\n\t\t<div class=\"aux-parallax-section elementor-element elementor-element-8efcd92 e-flex e-con-boxed e-con e-parent\" data-id=\"8efcd92\" data-element_type=\"container\" data-e-type=\"container\">\n\t\t\t\t\t<div class=\"e-con-inner\">\n\t\t<div class=\"elementor-element elementor-element-97436d7 e-con-full e-flex e-con e-child\" data-id=\"97436d7\" data-element_type=\"container\" data-e-type=\"container\">\n\t\t\t\t<div class=\"elementor-element elementor-element-deb3ada elementor-widget elementor-widget-aux_modern_heading\" data-id=\"deb3ada\" data-element_type=\"widget\" data-e-type=\"widget\" data-widget_type=\"aux_modern_heading.default\">\n\t\t\t\t<div class=\"elementor-widget-container\">\n\t\t\t\t\t<section class=\"aux-widget-modern-heading\">\n            <div class=\"aux-widget-inner\"><h2 class=\"aux-modern-heading-primary\"><\/h2><h3 class=\"aux-modern-heading-secondary\"><span class=\"aux-head-before\">Seguro de Accidentes Personales<\/span><span class=\"aux-head-after\"> <\/span><\/h3><div class=\"aux-modern-heading-divider\"><\/div><div class=\"aux-modern-heading-description\"><p><span style=\"font-weight: 400\">Protege tu bienestar y el de tu familia en caso de sufrir un accidente cubierto por la p\u00f3liza.<\/span><\/p><p><span style=\"font-weight: 400\">Permite complementar la cobertura con:<\/span><\/p><ul><li style=\"font-weight: 400\"><span style=\"font-weight: 400\">Incapacidad permanente.\u00a0<\/span><\/li><li style=\"font-weight: 400\"><span style=\"font-weight: 400\">Desmembramiento accidental.<\/span><\/li><li style=\"font-weight: 400\"><span style=\"font-weight: 400\">Reembolso de gastos m\u00e9dicos.\u00a0<\/span><\/li><li style=\"font-weight: 400\"><span style=\"font-weight: 400\">Indemnizaci\u00f3n diaria por hospitalizaci\u00f3n.<\/span><\/li><\/ul><\/div><\/div>\n        <\/section>\t\t\t\t<\/div>\n\t\t\t\t<\/div>\n\t\t\t\t<\/div>\n\t\t<div class=\"elementor-element elementor-element-ed76e43 aux-appear-watch-animation aux-scale-down e-con-full e-flex e-con e-child\" data-id=\"ed76e43\" data-element_type=\"container\" data-e-type=\"container\">\n\t\t<div class=\"elementor-element elementor-element-ebc0b7b e-con-full e-flex e-con e-child\" data-id=\"ebc0b7b\" data-element_type=\"container\" data-e-type=\"container\">\n\t\t\t\t<div class=\"elementor-element elementor-element-40b9578 elementor-widget elementor-widget-aux_image\" data-id=\"40b9578\" data-element_type=\"widget\" data-e-type=\"widget\" data-widget_type=\"aux_image.default\">\n\t\t\t\t<div class=\"elementor-widget-container\">\n\t\t\t\t\t<section class=\"widget-container aux-widget-image aux-alignnone aux-parent-au796631be\">\n    <div class=\"aux-media-hint-frame \">\n        <div class=\"aux-media-image \" >\n        \n            \n\n            \n            <img fetchpriority=\"high\" decoding=\"async\" width=\"1024\" height=\"749\" src=\"https:\/\/acorseguros.cl\/wp-content\/uploads\/2026\/04\/productos-acor-09-accidentes.jpg\" class=\"aux-attachment aux-featured-image aux-attachment-id-498\" alt=\"Seguro de accidentes personales con cobertura m\u00e9dica y hospitalaria en Chile\" srcset=\"https:\/\/acorseguros.cl\/wp-content\/uploads\/2026\/04\/productos-acor-09-accidentes-150x150.jpg 150w,https:\/\/acorseguros.cl\/wp-content\/uploads\/2026\/04\/productos-acor-09-accidentes-300x300.jpg 300w,https:\/\/acorseguros.cl\/wp-content\/uploads\/2026\/04\/productos-acor-09-accidentes-768x749.jpg 768w,https:\/\/acorseguros.cl\/wp-content\/uploads\/2026\/04\/productos-acor-09-accidentes.jpg 1024w\" data-ratio=\"1\" data-original-w=\"1024\" sizes=\"(max-width:479px) 480px,(max-width:767px) 768px,(max-width:1023px) 1024px,1024px\" \/>            \n                <\/div>\n    <\/div>\n\n<\/section><!-- widget-container -->\t\t\t\t<\/div>\n\t\t\t\t<\/div>\n\t\t\t\t<\/div>\n\t\t\t\t<\/div>\n\t\t\t\t\t<\/div>\n\t\t\t\t<\/div>\n\t\t<div class=\"aux-parallax-section elementor-element elementor-element-4966580 e-flex e-con-boxed e-con e-parent\" data-id=\"4966580\" data-element_type=\"container\" data-e-type=\"container\">\n\t\t\t\t\t<div class=\"e-con-inner\">\n\t\t\t\t<div class=\"elementor-element elementor-element-bb6383b elementor-widget elementor-widget-aux_button\" data-id=\"bb6383b\" data-element_type=\"widget\" data-e-type=\"widget\" data-widget_type=\"aux_button.default\">\n\t\t\t\t<div class=\"elementor-widget-container\">\n\t\t\t\t\t<a  href=\"https:\/\/wa.me\/56985538121\" target=\"_blank\"   class=\"aux-button aux-medium aux-carmine-pink aux-none aux-uppercase aux-icon-left\" ><span class=\"aux-overlay\"><\/span><i aria-hidden=\"true\" class=\"aux-icon fab fa-whatsapp\"><\/i><span class=\"aux-text\">Cont\u00e1ctanos<\/span><\/a>\t\t\t\t<\/div>\n\t\t\t\t<\/div>\n\t\t\t\t<div class=\"elementor-element elementor-element-65f2342 elementor-widget elementor-widget-spacer\" data-id=\"65f2342\" data-element_type=\"widget\" data-e-type=\"widget\" data-widget_type=\"spacer.default\">\n\t\t\t\t<div class=\"elementor-widget-container\">\n\t\t\t\t\t\t\t<div class=\"elementor-spacer\">\n\t\t\t<div class=\"elementor-spacer-inner\"><\/div>\n\t\t<\/div>\n\t\t\t\t\t\t<\/div>\n\t\t\t\t<\/div>\n\t\t\t\t\t<\/div>\n\t\t\t\t<\/div>\n\t\t\t\t<\/div>\n\t\t","protected":false},"excerpt":{"rendered":"<p>Accidentes Seguro de Accidentes Personales Protege tu bienestar y el de tu familia en caso de sufrir un accidente cubierto por la p\u00f3liza. Permite complementar la cobertura con: Incapacidad permanente.\u00a0 Desmembramiento accidental. Reembolso de gastos m\u00e9dicos.\u00a0 Indemnizaci\u00f3n diaria por hospitalizaci\u00f3n. Cont\u00e1ctanos<\/p>\n","protected":false},"author":1,"featured_media":0,"parent":0,"menu_order":0,"comment_status":"closed","ping_status":"closed","template":"","meta":{"footnotes":""},"class_list":["post-847","page","type-page","status-publish","hentry"],"yoast_head":"<!-- This site is optimized with the Yoast SEO plugin v27.4 - https:\/\/yoast.com\/product\/yoast-seo-wordpress\/ -->\n<title>Seguro de accidentes personales en Chile | ACOR<\/title>\n<meta name=\"description\" content=\"Descubre c\u00f3mo un seguro de accidentes personales en Chile puede proteger a tu familia y cubrir gastos m\u00e9dicos.\" \/>\n<meta name=\"robots\" content=\"index, follow, max-snippet:-1, max-image-preview:large, max-video-preview:-1\" \/>\n<link rel=\"canonical\" href=\"https:\/\/acorseguros.cl\/index.php\/seguro-accidentes-personales\/\" \/>\n<meta property=\"og:locale\" content=\"es_ES\" \/>\n<meta property=\"og:type\" content=\"article\" \/>\n<meta property=\"og:title\" content=\"Seguro de accidentes personales en Chile | ACOR\" \/>\n<meta property=\"og:description\" content=\"Descubre c\u00f3mo un seguro de accidentes personales en Chile puede proteger a tu familia y cubrir gastos m\u00e9dicos.\" \/>\n<meta property=\"og:url\" content=\"https:\/\/acorseguros.cl\/index.php\/seguro-accidentes-personales\/\" \/>\n<meta property=\"og:site_name\" content=\"Acor Seguros\" \/>\n<meta property=\"article:modified_time\" content=\"2026-04-30T21:07:55+00:00\" \/>\n<meta property=\"og:image\" content=\"https:\/\/acorseguros.cl\/wp-content\/uploads\/2026\/04\/productos-acor-09-accidentes.jpg\" \/>\n<meta name=\"twitter:card\" content=\"summary_large_image\" \/>\n<meta name=\"twitter:label1\" content=\"Tiempo estimado de lectura\" \/>\n\t<meta name=\"twitter:data1\" content=\"1 minuto\" \/>\n<script type=\"application\/ld+json\" class=\"yoast-schema-graph\">{\"@context\":\"https:\\\/\\\/schema.org\",\"@graph\":[{\"@type\":\"WebPage\",\"@id\":\"https:\\\/\\\/acorseguros.cl\\\/index.php\\\/seguro-accidentes-personales\\\/\",\"url\":\"https:\\\/\\\/acorseguros.cl\\\/index.php\\\/seguro-accidentes-personales\\\/\",\"name\":\"Seguro de accidentes personales en Chile | ACOR\",\"isPartOf\":{\"@id\":\"https:\\\/\\\/acorseguros.cl\\\/#website\"},\"primaryImageOfPage\":{\"@id\":\"https:\\\/\\\/acorseguros.cl\\\/index.php\\\/seguro-accidentes-personales\\\/#primaryimage\"},\"image\":{\"@id\":\"https:\\\/\\\/acorseguros.cl\\\/index.php\\\/seguro-accidentes-personales\\\/#primaryimage\"},\"thumbnailUrl\":\"https:\\\/\\\/acorseguros.cl\\\/wp-content\\\/uploads\\\/2026\\\/04\\\/productos-acor-09-accidentes.jpg\",\"datePublished\":\"2026-04-20T17:39:42+00:00\",\"dateModified\":\"2026-04-30T21:07:55+00:00\",\"description\":\"Descubre c\u00f3mo un seguro de accidentes personales en Chile puede proteger a tu familia y cubrir gastos m\u00e9dicos.\",\"breadcrumb\":{\"@id\":\"https:\\\/\\\/acorseguros.cl\\\/index.php\\\/seguro-accidentes-personales\\\/#breadcrumb\"},\"inLanguage\":\"es-CL\",\"potentialAction\":[{\"@type\":\"ReadAction\",\"target\":[\"https:\\\/\\\/acorseguros.cl\\\/index.php\\\/seguro-accidentes-personales\\\/\"]}]},{\"@type\":\"ImageObject\",\"inLanguage\":\"es-CL\",\"@id\":\"https:\\\/\\\/acorseguros.cl\\\/index.php\\\/seguro-accidentes-personales\\\/#primaryimage\",\"url\":\"https:\\\/\\\/acorseguros.cl\\\/wp-content\\\/uploads\\\/2026\\\/04\\\/productos-acor-09-accidentes.jpg\",\"contentUrl\":\"https:\\\/\\\/acorseguros.cl\\\/wp-content\\\/uploads\\\/2026\\\/04\\\/productos-acor-09-accidentes.jpg\",\"width\":1024,\"height\":749,\"caption\":\"Seguro de accidentes personales con cobertura m\u00e9dica y hospitalaria en Chile\"},{\"@type\":\"BreadcrumbList\",\"@id\":\"https:\\\/\\\/acorseguros.cl\\\/index.php\\\/seguro-accidentes-personales\\\/#breadcrumb\",\"itemListElement\":[{\"@type\":\"ListItem\",\"position\":1,\"name\":\"Portada\",\"item\":\"https:\\\/\\\/acorseguros.cl\\\/\"},{\"@type\":\"ListItem\",\"position\":2,\"name\":\"Seguro Accidentes Personales\"}]},{\"@type\":\"WebSite\",\"@id\":\"https:\\\/\\\/acorseguros.cl\\\/#website\",\"url\":\"https:\\\/\\\/acorseguros.cl\\\/\",\"name\":\"Acor Seguros\",\"description\":\"corredores de seguros\",\"publisher\":{\"@id\":\"https:\\\/\\\/acorseguros.cl\\\/#organization\"},\"potentialAction\":[{\"@type\":\"SearchAction\",\"target\":{\"@type\":\"EntryPoint\",\"urlTemplate\":\"https:\\\/\\\/acorseguros.cl\\\/?s={search_term_string}\"},\"query-input\":{\"@type\":\"PropertyValueSpecification\",\"valueRequired\":true,\"valueName\":\"search_term_string\"}}],\"inLanguage\":\"es-CL\"},{\"@type\":\"Organization\",\"@id\":\"https:\\\/\\\/acorseguros.cl\\\/#organization\",\"name\":\"Acor Seguros\",\"url\":\"https:\\\/\\\/acorseguros.cl\\\/\",\"logo\":{\"@type\":\"ImageObject\",\"inLanguage\":\"es-CL\",\"@id\":\"https:\\\/\\\/acorseguros.cl\\\/#\\\/schema\\\/logo\\\/image\\\/\",\"url\":\"https:\\\/\\\/acorseguros.cl\\\/wp-content\\\/uploads\\\/2026\\\/03\\\/acor-logo-footer-color-1-01.svg\",\"contentUrl\":\"https:\\\/\\\/acorseguros.cl\\\/wp-content\\\/uploads\\\/2026\\\/03\\\/acor-logo-footer-color-1-01.svg\",\"width\":254,\"height\":35,\"caption\":\"Acor Seguros\"},\"image\":{\"@id\":\"https:\\\/\\\/acorseguros.cl\\\/#\\\/schema\\\/logo\\\/image\\\/\"}}]}<\/script>\n<!-- \/ Yoast SEO plugin. -->","yoast_head_json":{"title":"Seguro de accidentes personales en Chile | ACOR","description":"Descubre c\u00f3mo un seguro de accidentes personales en Chile puede proteger a tu familia y cubrir gastos m\u00e9dicos.","robots":{"index":"index","follow":"follow","max-snippet":"max-snippet:-1","max-image-preview":"max-image-preview:large","max-video-preview":"max-video-preview:-1"},"canonical":"https:\/\/acorseguros.cl\/index.php\/seguro-accidentes-personales\/","og_locale":"es_ES","og_type":"article","og_title":"Seguro de accidentes personales en Chile | ACOR","og_description":"Descubre c\u00f3mo un seguro de accidentes personales en Chile puede proteger a tu familia y cubrir gastos m\u00e9dicos.","og_url":"https:\/\/acorseguros.cl\/index.php\/seguro-accidentes-personales\/","og_site_name":"Acor Seguros","article_modified_time":"2026-04-30T21:07:55+00:00","og_image":[{"url":"https:\/\/acorseguros.cl\/wp-content\/uploads\/2026\/04\/productos-acor-09-accidentes.jpg","type":"","width":"","height":""}],"twitter_card":"summary_large_image","twitter_misc":{"Tiempo estimado de lectura":"1 minuto"},"schema":{"@context":"https:\/\/schema.org","@graph":[{"@type":"WebPage","@id":"https:\/\/acorseguros.cl\/index.php\/seguro-accidentes-personales\/","url":"https:\/\/acorseguros.cl\/index.php\/seguro-accidentes-personales\/","name":"Seguro de accidentes personales en Chile | ACOR","isPartOf":{"@id":"https:\/\/acorseguros.cl\/#website"},"primaryImageOfPage":{"@id":"https:\/\/acorseguros.cl\/index.php\/seguro-accidentes-personales\/#primaryimage"},"image":{"@id":"https:\/\/acorseguros.cl\/index.php\/seguro-accidentes-personales\/#primaryimage"},"thumbnailUrl":"https:\/\/acorseguros.cl\/wp-content\/uploads\/2026\/04\/productos-acor-09-accidentes.jpg","datePublished":"2026-04-20T17:39:42+00:00","dateModified":"2026-04-30T21:07:55+00:00","description":"Descubre c\u00f3mo un seguro de accidentes personales en Chile puede proteger a tu familia y cubrir gastos m\u00e9dicos.","breadcrumb":{"@id":"https:\/\/acorseguros.cl\/index.php\/seguro-accidentes-personales\/#breadcrumb"},"inLanguage":"es-CL","potentialAction":[{"@type":"ReadAction","target":["https:\/\/acorseguros.cl\/index.php\/seguro-accidentes-personales\/"]}]},{"@type":"ImageObject","inLanguage":"es-CL","@id":"https:\/\/acorseguros.cl\/index.php\/seguro-accidentes-personales\/#primaryimage","url":"https:\/\/acorseguros.cl\/wp-content\/uploads\/2026\/04\/productos-acor-09-accidentes.jpg","contentUrl":"https:\/\/acorseguros.cl\/wp-content\/uploads\/2026\/04\/productos-acor-09-accidentes.jpg","width":1024,"height":749,"caption":"Seguro de accidentes personales con cobertura m\u00e9dica y hospitalaria en Chile"},{"@type":"BreadcrumbList","@id":"https:\/\/acorseguros.cl\/index.php\/seguro-accidentes-personales\/#breadcrumb","itemListElement":[{"@type":"ListItem","position":1,"name":"Portada","item":"https:\/\/acorseguros.cl\/"},{"@type":"ListItem","position":2,"name":"Seguro Accidentes Personales"}]},{"@type":"WebSite","@id":"https:\/\/acorseguros.cl\/#website","url":"https:\/\/acorseguros.cl\/","name":"Acor Seguros","description":"corredores de seguros","publisher":{"@id":"https:\/\/acorseguros.cl\/#organization"},"potentialAction":[{"@type":"SearchAction","target":{"@type":"EntryPoint","urlTemplate":"https:\/\/acorseguros.cl\/?s={search_term_string}"},"query-input":{"@type":"PropertyValueSpecification","valueRequired":true,"valueName":"search_term_string"}}],"inLanguage":"es-CL"},{"@type":"Organization","@id":"https:\/\/acorseguros.cl\/#organization","name":"Acor Seguros","url":"https:\/\/acorseguros.cl\/","logo":{"@type":"ImageObject","inLanguage":"es-CL","@id":"https:\/\/acorseguros.cl\/#\/schema\/logo\/image\/","url":"https:\/\/acorseguros.cl\/wp-content\/uploads\/2026\/03\/acor-logo-footer-color-1-01.svg","contentUrl":"https:\/\/acorseguros.cl\/wp-content\/uploads\/2026\/03\/acor-logo-footer-color-1-01.svg","width":254,"height":35,"caption":"Acor Seguros"},"image":{"@id":"https:\/\/acorseguros.cl\/#\/schema\/logo\/image\/"}}]}},"_links":{"self":[{"href":"https:\/\/acorseguros.cl\/index.php\/wp-json\/wp\/v2\/pages\/847","targetHints":{"allow":["GET"]}}],"collection":[{"href":"https:\/\/acorseguros.cl\/index.php\/wp-json\/wp\/v2\/pages"}],"about":[{"href":"https:\/\/acorseguros.cl\/index.php\/wp-json\/wp\/v2\/types\/page"}],"author":[{"embeddable":true,"href":"https:\/\/acorseguros.cl\/index.php\/wp-json\/wp\/v2\/users\/1"}],"replies":[{"embeddable":true,"href":"https:\/\/acorseguros.cl\/index.php\/wp-json\/wp\/v2\/comments?post=847"}],"version-history":[{"count":25,"href":"https:\/\/acorseguros.cl\/index.php\/wp-json\/wp\/v2\/pages\/847\/revisions"}],"predecessor-version":[{"id":1474,"href":"https:\/\/acorseguros.cl\/index.php\/wp-json\/wp\/v2\/pages\/847\/revisions\/1474"}],"wp:attachment":[{"href":"https:\/\/acorseguros.cl\/index.php\/wp-json\/wp\/v2\/media?parent=847"}],"curies":[{"name":"wp","href":"https:\/\/api.w.org\/{rel}","templated":true}]}}